{"id":44,"date":"2023-02-21T08:38:14","date_gmt":"2023-02-21T08:38:14","guid":{"rendered":"https:\/\/laland.vip\/?page_id=44"},"modified":"2023-03-01T02:26:37","modified_gmt":"2023-03-01T02:26:37","slug":"home","status":"publish","type":"page","link":"https:\/\/laland.vip\/","title":{"rendered":""},"content":{"rendered":"\n<p class=\"has-vivid-red-color has-text-color has-medium-font-size\"><strong>TI\u1ec0M N\u0102NG B\u1ea4T \u0110\u1ed8NG S\u1ea2N LONG AN 2023<\/strong><\/p>\n\n\n\n<figure class=\"wp-block-image size-full\"><img fetchpriority=\"high\" decoding=\"async\" width=\"1024\" height=\"739\" src=\"https:\/\/laland.vip\/wp-content\/uploads\/2023\/02\/20220515101315-a307.png\" alt=\"\" class=\"wp-image-266\" srcset=\"https:\/\/laland.vip\/wp-content\/uploads\/2023\/02\/20220515101315-a307.png 1024w, https:\/\/laland.vip\/wp-content\/uploads\/2023\/02\/20220515101315-a307-600x433.png 600w\" sizes=\"(max-width: 1024px) 100vw, 1024px\" \/><figcaption class=\"wp-element-caption\"><em>Huy\u1ec7n B\u1ebfn L\u1ee9c &#8211; Long An c\u00f3 th\u1ecb tr\u01b0\u1eddng \u0111\u1ea5t v\u01b0\u1eddn, th\u1ed5 s\u00f4i \u0111\u1ed9ng<\/em><\/figcaption><\/figure>\n\n\n\n<p class=\"has-vivid-cyan-blue-color has-text-color has-medium-font-size\"><strong>C\u00e1c chuy\u00ean gia cho r\u1eb1ng 5 n\u0103m t\u1edbi \u0111\u00e2y s\u1ebd l\u00e0 th\u1eddi k\u1ef3 ho\u00e0ng kim c\u1ee7a th\u1ecb tr\u01b0\u1eddng b\u1ea5t \u0111\u1ed9ng s\u1ea3n v\u00f9ng ven Tp. H\u1ed3 Ch\u00ed Minh. Trong khi ph\u00eda \u0110\u00f4ng tp. HCM n\u1ed5i l\u00ean r\u1ea5t nhi\u1ec1u d\u1ef1 \u00e1n B\u0110S t\u1ea1i B\u00ecnh D\u01b0\u01a1ng, \u0110\u1ed3ng Nai, B\u00e0 R\u1ecba-V\u0169ng T\u00e0u th\u00ec \u1edf khu v\u1ef1c ph\u00eda T\u00e2y, Long An v\u1eabn chi\u1ebfm v\u1ecb tr\u00ed \u201c\u0111\u1ed9c t\u00f4n\u201d nh\u1edd c\u00f3 nhi\u1ec1u c\u01a1 h\u1ed9i \u0111\u1ea7u t\u01b0 B\u0110S.<\/strong><\/p>\n\n\n\n<figure class=\"wp-block-image size-full\"><img decoding=\"async\" width=\"800\" height=\"481\" src=\"https:\/\/laland.vip\/wp-content\/uploads\/2023\/02\/Tiem-nang-BDS-Long-An.png\" alt=\"\" class=\"wp-image-264\" srcset=\"https:\/\/laland.vip\/wp-content\/uploads\/2023\/02\/Tiem-nang-BDS-Long-An.png 800w, https:\/\/laland.vip\/wp-content\/uploads\/2023\/02\/Tiem-nang-BDS-Long-An-600x361.png 600w\" sizes=\"(max-width: 800px) 100vw, 800px\" \/><figcaption class=\"wp-element-caption\">Ti\u1ec1m n\u0103ng b\u1ea5t \u0111\u1ed9ng s\u1ea3n Long An<\/figcaption><\/figure>\n\n\n\n<p class=\"has-vivid-red-color has-text-color has-medium-font-size\"><strong>B\u1ea4T \u0110\u1ed8NG S\u1ea2N LONG AN C\u00d3 TI\u1ec0M N\u0102NG V\u00cc L\u00c0 TH\u1ee6 PH\u1ee6 C\u00d4NG NGHI\u1ec6P<\/strong><\/p>\n\n\n\n<p class=\"has-vivid-cyan-blue-color has-text-color has-medium-font-size\"><strong>Theo kh\u1ea3o s\u00e1t, t\u1ec9nh Long An hi\u1ec7n c\u00f3 35 khu c\u00f4ng nghi\u1ec7p \u0111\u00e3 \u0111\u01b0\u1ee3c Th\u1ee7 t\u01b0\u1edbng Ch\u00ednh ph\u1ee7 ph\u00ea duy\u1ec7t. N\u01a1i \u0111\u00e2y \u0111ang v\u1eadn h\u00e0nh 16 c\u1ee5m khu c\u00f4ng nghi\u1ec7p, v\u1edbi t\u1ed5ng di\u1ec7n t\u00edch quy ho\u1ea1ch kho\u1ea3ng 3.800 ha, t\u1ef7 l\u1ec7 l\u1ea5p \u0111\u1ea7y l\u00ean t\u1edbi 88,4% v\u00e0 \u0111ang thu h\u00fat h\u00e0ng tr\u0103m ngh\u00ecn lao \u0111\u1ed9ng.<\/strong><\/p>\n\n\n\n<p class=\"has-vivid-cyan-blue-color has-text-color has-medium-font-size\"><strong>C\u00e1c chuy\u00ean gia c\u0169ng nh\u1eadn \u0111\u1ecbnh Long An s\u1ebd l\u00e0 m\u1ed9t trong nh\u1eefng \u0111i\u1ec3m s\u00e1ng tr\u00ean b\u1ea3n \u0111\u1ed3 \u0111\u1ea7u t\u01b0 b\u1ea5t \u0111\u1ed9ng s\u1ea3n v\u00f9ng ven do c\u00f3 nhi\u1ec1u d\u01b0 \u0111\u1ecba ph\u00e1t tri\u1ec3n. \u0110\u1eb7c bi\u1ec7t l\u00e0 khi nh\u00e0 n\u01b0\u1edbc d\u00e0nh nhi\u1ec1u ngu\u1ed3n l\u1ef1c \u0111\u1ec3 ph\u00e1t tri\u1ec3n th\u00ec Long An ho\u00e0n to\u00e0n kh\u00f4ng thua k\u00e9m c\u00e1c v\u00f9ng kh\u00e1c v\u1ec1 m\u1ee9c \u0111\u1ed9 li\u00ean k\u1ebft v\u00f9ng, Long An c\u0169ng c\u00f3 c\u00e1c c\u01a1 s\u1edf ph\u00e1t tri\u1ec3n kinh t\u1ebf nh\u01b0 c\u1ea3ng bi\u1ec3n v\u00e0 c\u1eeda kh\u1ea9u.<\/strong><\/p>\n\n\n\n<figure class=\"wp-block-image size-full\"><img decoding=\"async\" width=\"800\" height=\"650\" src=\"https:\/\/laland.vip\/wp-content\/uploads\/2023\/02\/Tiem-nang-BDS-Long-An2.jpg\" alt=\"\" class=\"wp-image-265\" srcset=\"https:\/\/laland.vip\/wp-content\/uploads\/2023\/02\/Tiem-nang-BDS-Long-An2.jpg 800w, https:\/\/laland.vip\/wp-content\/uploads\/2023\/02\/Tiem-nang-BDS-Long-An2-600x488.jpg 600w\" sizes=\"(max-width: 800px) 100vw, 800px\" \/><figcaption class=\"wp-element-caption\">Ti\u1ec1m n\u0103ng c\u01a1 s\u1edf h\u1ea1 t\u1ea7ng th\u00fac \u0111\u1ea9y B\u1ea5t \u0111\u1ed9ng s\u1ea3n Long An ph\u00e1t tri\u1ec3n<\/figcaption><\/figure>\n\n\n\n<p class=\"has-vivid-red-color has-text-color has-medium-font-size\">LONG AN C\u00d3 V\u1eca TR\u00cd CHI\u1ebeN L\u01af\u1ee2C N\u00caN TH\u1eca TR\u01af\u1edcNG B\u1ea4T \u0110\u1ed8NG S\u1ea2N S\u1ebc R\u1ea4T TI\u1ec0M N\u0102NG<\/p>\n\n\n\n<p class=\"has-vivid-cyan-blue-color has-text-color has-medium-font-size\"><strong>T\u1ec9nh Long An thu\u1ed9c \u0110\u1ed3ng b\u1eb1ng s\u00f4ng C\u1eedu Long, nh\u01b0ng \u1edf v\u1ecb tr\u00ed \u0111\u1ecba l\u00fd r\u1ea5t \u0111\u1eb7c bi\u1ec7t, thu\u1ed9c V\u00f9ng ph\u00e1t tri\u1ec3n kinh t\u1ebf tr\u1ecdng \u0111i\u1ec3m ph\u00eda Nam, v\u00f9ng kinh t\u1ebf \u0111\u1ed9ng l\u1ef1c c\u00f3 vai tr\u00f2 \u0111\u1eb7c bi\u1ec7t quan tr\u1ecdng trong chi\u1ebfn l\u01b0\u1ee3c ph\u00e1t tri\u1ec3n kinh t\u1ebf Vi\u1ec7t Nam.Long An, ti\u1ebfp gi\u00e1p v\u1edbi Th\u00e0nh ph\u1ed1 H\u1ed3 Ch\u00ed Minh, \u0111\u01b0\u1ee3c coi l\u00e0 g\u1ea1ch n\u1ed1i gi\u1eefa hai v\u00f9ng kinh t\u1ebf quan tr\u1ecdng nh\u1ea5t ph\u00eda \u0111\u00f4ng v\u00e0 t\u00e2y nam b\u1ed9.<\/strong><\/p>\n\n\n\n<figure class=\"wp-block-image size-full\"><img loading=\"lazy\" decoding=\"async\" width=\"1024\" height=\"681\" src=\"https:\/\/laland.vip\/wp-content\/uploads\/2023\/02\/20220515094921-9dc0.jpg\" alt=\"\" class=\"wp-image-267\" srcset=\"https:\/\/laland.vip\/wp-content\/uploads\/2023\/02\/20220515094921-9dc0.jpg 1024w, https:\/\/laland.vip\/wp-content\/uploads\/2023\/02\/20220515094921-9dc0-600x399.jpg 600w\" sizes=\"(max-width: 1024px) 100vw, 1024px\" \/><figcaption class=\"wp-element-caption\"><em>Long An &#8211; M\u1ea3nh \u0111\u1ea5t \u201cv\u00e0ng\u201d cho c\u00e1c nh\u00e0 \u0111\u1ea7u t\u01b0<\/em><\/figcaption><\/figure>\n\n\n\n<p class=\"has-vivid-cyan-blue-color has-text-color has-medium-font-size\"><strong>K\u1ebft n\u1ed1i gi\u1eefa Long An v\u00e0 to\u00e0n v\u00f9ng \u0111\u01b0\u1ee3c tri\u1ec3n khai v\u1edbi m\u1ea1ng l\u01b0\u1edbi giao th\u00f4ng th\u00f4ng qua ph\u00e1t tri\u1ec3n c\u00e1c tuy\u1ebfn qu\u1ed1c l\u1ed9, \u0111\u01b0\u1eddng cao t\u1ed1c, \u0111\u01b0\u1eddng v\u00e0nh \u0111ai Th\u00e0nh ph\u1ed1 H\u1ed3 Ch\u00ed Minh, \u0110\u01b0\u1eddng s\u1eaft Th\u00e0nh ph\u1ed1 H\u1ed3 Ch\u00ed Minh v\u00e0 C\u1ea7n Th\u01a1.<\/strong><\/p>\n\n\n\n<figure class=\"wp-block-image size-full\"><img loading=\"lazy\" decoding=\"async\" width=\"1024\" height=\"576\" src=\"https:\/\/laland.vip\/wp-content\/uploads\/2023\/02\/20220515094922-3f12.jpg\" alt=\"\" class=\"wp-image-269\" srcset=\"https:\/\/laland.vip\/wp-content\/uploads\/2023\/02\/20220515094922-3f12.jpg 1024w, https:\/\/laland.vip\/wp-content\/uploads\/2023\/02\/20220515094922-3f12-600x338.jpg 600w\" sizes=\"(max-width: 1024px) 100vw, 1024px\" \/><figcaption class=\"wp-element-caption\"><em>Long An ph\u00e1t tri\u1ec3n c\u00e1c d\u1ef1 \u00e1n \u201ckh\u1ee7ng\u201d nh\u1edd n\u00e2ng c\u1ea5p h\u1ea1 t\u1ea7ng<\/em><\/figcaption><\/figure>\n\n\n\n<p class=\"has-vivid-cyan-blue-color has-text-color has-medium-font-size\"><strong>Long An gi\u00e1p TP.HCM, nh\u01b0ng hi\u1ec7n gi\u00e1 \u0111\u1ea5t v\u1eabn c\u00f2n r\u1ebb h\u01a1n so v\u1edbi&nbsp;b\u1ea5t \u0111\u1ed9ng s\u1ea3n t\u1ea1i B\u00ecnh D\u01b0\u01a1ng, \u0110\u1ed3ng Nai, B\u00e0 R\u1ecba-V\u0169ng T\u00e0u, do v\u1eady c\u00f3 nhi\u1ec1u ti\u1ec1m n\u0103ng \u0111\u1ec3 l\u00ean gi\u00e1 v\u00e0 \u0111\u1ea7u t\u01b0.Long An ch\u1eadm h\u01a1n B\u00ecnh D\u01b0\u01a1ng v\u00e0 \u0110\u1ed3ng Nai v\u1ec1 t\u1ed1c \u0111\u1ed9 ph\u00e1t tri\u1ec3n h\u1ea1 t\u1ea7ng giao th\u00f4ng, nh\u01b0ng \u0111i\u1ec1u n\u00e0y s\u1ebd l\u00e0m t\u0103ng d\u01b0 \u0111\u1ecba gi\u00e1 tr\u1ecb t\u00e0i s\u1ea3n c\u1ee7a Long An trong t\u01b0\u01a1ng lai khi nhi\u1ec1u tuy\u1ebfn \u0111\u01b0\u1eddng l\u1edbn nh\u01b0 \u0111\u01b0\u1eddng cao t\u1ed1c B\u1ebfn L\u1ee9c Long Th\u00e0nh \u0111ang \u0111\u01b0\u1ee3c x\u00e2y d\u1ef1ng, \u0111\u01b0\u1eddng V\u00e0nh \u0110ai 3, V\u00e0nh \u0110ai 4.<\/strong><\/p>\n\n\n\n<p><\/p>\n\n\n\n<p><\/p>\n\n\n\n<p><\/p>\n","protected":false},"excerpt":{"rendered":"<p>TI\u1ec0M N\u0102NG B\u1ea4T \u0110\u1ed8NG S\u1ea2N LONG AN 2023 C\u00e1c chuy\u00ean gia cho r\u1eb1ng 5 n\u0103m t\u1edbi \u0111\u00e2y s\u1ebd l\u00e0 th\u1eddi k\u1ef3 ho\u00e0ng kim c\u1ee7a th\u1ecb&hellip;<\/p>\n","protected":false},"author":1,"featured_media":0,"parent":0,"menu_order":0,"comment_status":"closed","ping_status":"closed","template":"","meta":{"footnotes":""},"class_list":["post-44","page","type-page","status-publish","hentry"],"_links":{"self":[{"href":"https:\/\/laland.vip\/index.php\/wp-json\/wp\/v2\/pages\/44","targetHints":{"allow":["GET"]}}],"collection":[{"href":"https:\/\/laland.vip\/index.php\/wp-json\/wp\/v2\/pages"}],"about":[{"href":"https:\/\/laland.vip\/index.php\/wp-json\/wp\/v2\/types\/page"}],"author":[{"embeddable":true,"href":"https:\/\/laland.vip\/index.php\/wp-json\/wp\/v2\/users\/1"}],"replies":[{"embeddable":true,"href":"https:\/\/laland.vip\/index.php\/wp-json\/wp\/v2\/comments?post=44"}],"version-history":[{"count":5,"href":"https:\/\/laland.vip\/index.php\/wp-json\/wp\/v2\/pages\/44\/revisions"}],"predecessor-version":[{"id":278,"href":"https:\/\/laland.vip\/index.php\/wp-json\/wp\/v2\/pages\/44\/revisions\/278"}],"wp:attachment":[{"href":"https:\/\/laland.vip\/index.php\/wp-json\/wp\/v2\/media?parent=44"}],"curies":[{"name":"wp","href":"https:\/\/api.w.org\/{rel}","templated":true}]}}