{"id":132,"date":"2023-02-27T07:02:11","date_gmt":"2023-02-27T07:02:11","guid":{"rendered":"https:\/\/laland.vip\/?post_type=product&#038;p=132"},"modified":"2023-03-09T03:51:21","modified_gmt":"2023-03-09T03:51:21","slug":"dat-vuon-xa-thanh-hoa-huyen-ben-luc","status":"publish","type":"product","link":"https:\/\/laland.vip\/index.php\/product\/dat-vuon-xa-thanh-hoa-huyen-ben-luc\/","title":{"rendered":"\u0110\u1ea4T V\u01af\u1edcN X\u00c3 TH\u1ea0NH H\u00d2A HUY\u1ec6N B\u1ebeN L\u1ee8C"},"content":{"rendered":"<h2><\/h2>\n<h4>-\u0110\u1ea5t\u00a0 V\u01b0\u1eddn c\u00e1ch \u0110\u01b0\u1eddng T\u1ec9nh Tl816 ch\u1ec9 200m, g\u1ea7n ch\u1ee3 Uy Ban\u00a0 Xa, Tr\u01b0\u1eddng H\u1ecdc ,\u00a0 Tr\u1ea1m\u00a0 Y T\u1ebf VV..<\/h4>\n<h4>-Di\u1ec7n t\u00edch:5263m\u00b2 &#8211; (60m x 81m n\u1edf h\u1eadu 66m)<\/h4>\n<h4>&#8211; Gi\u00e1 5 t\u1ef7 th\u01b0\u01a1ng l\u01b0\u1ee3ng<\/h4>\n<h4>-\u0110\u1ea5t v\u01b0\u1eddn \u0111\u01b0\u1ee3c L\u00ean th\u1ed5 c\u01b0 &#8211; \u0110\u00e3 C\u00f3 S\u1ed5 H\u1ed3ng.<\/h4>\n<h4>-\u0110\u1ea5t \u0110\u1eb9p Th\u00edch h\u1ee3p \u0111\u1ea7u T\u01b0 , Ph\u00e2n N\u1ec1n nh\u1ecf Cho Gia \u0111\u00ecnh B\u1ea1n b\u00e8 Ho\u1eb7c l\u00e0m nh\u00e0 V\u01b0\u1eddn , Trang Tr\u1ea1i vv.<\/h4>\n<h4>-\u0110\u01b0\u1eddng \u00d4 t\u00f4 \u0111\u1eadu tr\u01b0\u1edbc \u0111\u1ea5t, \u0110i\u1ec7n n\u01b0\u1edbc c\u00f3 s\u1eb5n , D\u00e2n c\u01b0 sinh s\u1ed1ng. Tho\u00e1ng m\u00e1t , N\u1ec1n Cao v\u00e0o l\u00e0 c\u00f3 th\u1ec3 x\u00e2y d\u1ef1ng. C\u00f3 r\u1ea1ch tr\u01b0\u1edbc \u0111\u1ea5t<\/h4>\n","protected":false},"excerpt":{"rendered":"<p>-\u0110\u1ea5t\u00a0 V\u01b0\u1eddn c\u00e1ch \u0110\u01b0\u1eddng T\u1ec9nh Tl816 ch\u1ec9 200m, g\u1ea7n ch\u1ee3 Uy Ban\u00a0 Xa, Tr\u01b0\u1eddng H\u1ecdc ,\u00a0 Tr\u1ea1m\u00a0 Y T\u1ebf VV.. -Di\u1ec7n t\u00edch:5263m\u00b2 &#8211; (60m x&hellip;<\/p>\n","protected":false},"featured_media":133,"comment_status":"open","ping_status":"closed","template":"","meta":[],"product_cat":[24,20],"product_tag":[],"class_list":{"0":"post-132","1":"product","2":"type-product","3":"status-publish","4":"has-post-thumbnail","6":"product_cat-ben-luc","7":"product_cat-dat-vuon","9":"first","10":"instock","11":"shipping-taxable","12":"purchasable","13":"product-type-simple","14":"customify-col","15":"product-has-gallery"},"_links":{"self":[{"href":"https:\/\/laland.vip\/index.php\/wp-json\/wp\/v2\/product\/132","targetHints":{"allow":["GET"]}}],"collection":[{"href":"https:\/\/laland.vip\/index.php\/wp-json\/wp\/v2\/product"}],"about":[{"href":"https:\/\/laland.vip\/index.php\/wp-json\/wp\/v2\/types\/product"}],"replies":[{"embeddable":true,"href":"https:\/\/laland.vip\/index.php\/wp-json\/wp\/v2\/comments?post=132"}],"wp:featuredmedia":[{"embeddable":true,"href":"https:\/\/laland.vip\/index.php\/wp-json\/wp\/v2\/media\/133"}],"wp:attachment":[{"href":"https:\/\/laland.vip\/index.php\/wp-json\/wp\/v2\/media?parent=132"}],"wp:term":[{"taxonomy":"product_cat","embeddable":true,"href":"https:\/\/laland.vip\/index.php\/wp-json\/wp\/v2\/product_cat?post=132"},{"taxonomy":"product_tag","embeddable":true,"href":"https:\/\/laland.vip\/index.php\/wp-json\/wp\/v2\/product_tag?post=132"}],"curies":[{"name":"wp","href":"https:\/\/api.w.org\/{rel}","templated":true}]}}