{"id":147,"date":"2023-02-27T07:57:51","date_gmt":"2023-02-27T07:57:51","guid":{"rendered":"https:\/\/laland.vip\/?post_type=product&#038;p=147"},"modified":"2023-02-28T00:43:30","modified_gmt":"2023-02-28T00:43:30","slug":"dat-vuon-ap-2-xa-thanh-hoa-huyen-ben-luc","status":"publish","type":"product","link":"https:\/\/laland.vip\/index.php\/product\/dat-vuon-ap-2-xa-thanh-hoa-huyen-ben-luc\/","title":{"rendered":"\u0110\u1ea4T V\u01af\u1edcN \u1ea4P 2 X\u00c3 TH\u1ea0NH H\u00d2A HUY\u1ec6N B\u1ebeN L\u1ee8C"},"content":{"rendered":"<p>\u0110\u1ea5t \u0110\u1eb9p &#8211; Sinh L\u1eddi Cao<\/p>\n<p>\ud83d\udca53.7 t\u1ef7: 3517m\u00b2 \u0111\u1ea5t v\u01b0\u1eddn t\u1ea1i Th\u1ea1nh H\u00f2a, B\u1ebfn L\u1ee9c, Long An<\/p>\n<p>&#8211; View r\u1ea1ch nh\u1ecf tho\u00e1ng m\u00e1t, \u0111\u00e3 d\u1ecdn s\u1ea1ch \u0111\u1ea5t<\/p>\n<p>&#8211; Xe h\u01a1i Xe t\u1ea3i t\u1edbi \u0111\u1ea5t.<\/p>\n<p>&#8211; C\u00e1ch \u0111\u01b0\u1eddng nh\u1ef1a DT 816# 400m<\/p>\n<p>&#8211; C\u00e1ch UB, KDC, Tr\u01b0\u1eddng h\u1ecdc, Ch\u1ee3 \u2026.. ch\u1ec9 1km<\/p>\n<p>&#8211; S\u1ed5 H\u1ed3ng ri\u00eang<\/p>\n<p>&#8211; Bao to\u00e0n b\u1ed9 thu\u1ebf ph\u00ed<\/p>\n","protected":false},"excerpt":{"rendered":"<p>\u0110\u1ea5t \u0110\u1eb9p &#8211; Sinh L\u1eddi Cao \ud83d\udca53.7 t\u1ef7: 3517m\u00b2 \u0111\u1ea5t v\u01b0\u1eddn t\u1ea1i Th\u1ea1nh H\u00f2a, B\u1ebfn L\u1ee9c, Long An &#8211; View r\u1ea1ch nh\u1ecf tho\u00e1ng m\u00e1t, \u0111\u00e3&hellip;<\/p>\n","protected":false},"featured_media":152,"comment_status":"open","ping_status":"closed","template":"","meta":[],"product_cat":[24,20],"product_tag":[],"class_list":{"0":"post-147","1":"product","2":"type-product","3":"status-publish","4":"has-post-thumbnail","6":"product_cat-ben-luc","7":"product_cat-dat-vuon","9":"first","10":"instock","11":"shipping-taxable","12":"purchasable","13":"product-type-simple","14":"customify-col","15":"product-has-gallery"},"_links":{"self":[{"href":"https:\/\/laland.vip\/index.php\/wp-json\/wp\/v2\/product\/147","targetHints":{"allow":["GET"]}}],"collection":[{"href":"https:\/\/laland.vip\/index.php\/wp-json\/wp\/v2\/product"}],"about":[{"href":"https:\/\/laland.vip\/index.php\/wp-json\/wp\/v2\/types\/product"}],"replies":[{"embeddable":true,"href":"https:\/\/laland.vip\/index.php\/wp-json\/wp\/v2\/comments?post=147"}],"wp:featuredmedia":[{"embeddable":true,"href":"https:\/\/laland.vip\/index.php\/wp-json\/wp\/v2\/media\/152"}],"wp:attachment":[{"href":"https:\/\/laland.vip\/index.php\/wp-json\/wp\/v2\/media?parent=147"}],"wp:term":[{"taxonomy":"product_cat","embeddable":true,"href":"https:\/\/laland.vip\/index.php\/wp-json\/wp\/v2\/product_cat?post=147"},{"taxonomy":"product_tag","embeddable":true,"href":"https:\/\/laland.vip\/index.php\/wp-json\/wp\/v2\/product_tag?post=147"}],"curies":[{"name":"wp","href":"https:\/\/api.w.org\/{rel}","templated":true}]}}