{"id":154,"date":"2023-02-27T08:02:59","date_gmt":"2023-02-27T08:02:59","guid":{"rendered":"https:\/\/laland.vip\/?post_type=product&#038;p=154"},"modified":"2026-04-13T14:12:04","modified_gmt":"2026-04-13T14:12:04","slug":"dat-tho-ap-2-xa-thanh-hoa-huyen-ben-luc","status":"publish","type":"product","link":"https:\/\/laland.vip\/index.php\/product\/dat-tho-ap-2-xa-thanh-hoa-huyen-ben-luc\/","title":{"rendered":"\u0110\u1ea4T TH\u1ed4 \u1ea4P 2 X\u00c3 TH\u1ea0NH H\u00d2A HUY\u1ec6N B\u1ebeN L\u1ee8C"},"content":{"rendered":"<p>Th\u1ed5 C\u01b0 Li\u1ec1n K\u1ec1, Ph\u00e2n L\u00f4 Bao L\u1eddi<\/p>\n<p>-Di\u1ec7n t\u00edch: 500m2 \u0111\u00e3 t\u00e1ch 2 s\u1ed5 ri\u00eang 250m2<\/p>\n<p>-Gi\u00e1:1 t\u1ef7 1\/ 1 l\u00f4 (10&#215;25) th\u01b0\u01a1ng l\u01b0\u1ee3ng<\/p>\n<p>-\u0110\u1ea5t \u1edf \u1ea4p 2 x\u00e3 Th\u1ea1nh Ho\u00e0, B\u1ebfn L\u1ee9c,Long An<\/p>\n<p>-D\u00e2n c\u01b0 \u0111\u00f4ng \u0111\u00fac \u0111i\u1ec7n n\u01b0\u1edbc \u0111\u1ea7y \u0111\u1ee7 &#8230;. ph\u00f9 h\u1ee3p \u0111\u1ea7u t\u01b0 , l\u00e0m nh\u00e0 v\u01b0\u1eddn ngh\u0129 d\u01b0\u1ee1ng.<br \/>\n-\u0110\u01b0\u1eddng xe oto tr\u01b0\u1edbc \u0111\u1ea5t, \u0111ang n\u1ec1n s\u1eb5n v\u00e0o x\u00e2y d\u1ef1ng li\u1ec1n<br \/>\n-S\u1ed5 h\u1ed3ng s\u1eb5n, bao m\u1ecdi chi ph\u00ed<\/p>\n","protected":false},"excerpt":{"rendered":"<p>Th\u1ed5 C\u01b0 Li\u1ec1n K\u1ec1, Ph\u00e2n L\u00f4 Bao L\u1eddi -Di\u1ec7n t\u00edch: 500m2 \u0111\u00e3 t\u00e1ch 2 s\u1ed5 ri\u00eang 250m2 -Gi\u00e1:1 t\u1ef7 1\/ 1 l\u00f4 (10&#215;25) th\u01b0\u01a1ng l\u01b0\u1ee3ng&hellip;<\/p>\n","protected":false},"featured_media":155,"comment_status":"open","ping_status":"closed","template":"","meta":[],"product_cat":[24,21],"product_tag":[],"class_list":{"0":"post-154","1":"product","2":"type-product","3":"status-publish","4":"has-post-thumbnail","6":"product_cat-ben-luc","7":"product_cat-dat-tho","9":"first","10":"instock","11":"shipping-taxable","12":"purchasable","13":"product-type-simple","14":"customify-col","15":"product-has-gallery"},"_links":{"self":[{"href":"https:\/\/laland.vip\/index.php\/wp-json\/wp\/v2\/product\/154","targetHints":{"allow":["GET"]}}],"collection":[{"href":"https:\/\/laland.vip\/index.php\/wp-json\/wp\/v2\/product"}],"about":[{"href":"https:\/\/laland.vip\/index.php\/wp-json\/wp\/v2\/types\/product"}],"replies":[{"embeddable":true,"href":"https:\/\/laland.vip\/index.php\/wp-json\/wp\/v2\/comments?post=154"}],"wp:featuredmedia":[{"embeddable":true,"href":"https:\/\/laland.vip\/index.php\/wp-json\/wp\/v2\/media\/155"}],"wp:attachment":[{"href":"https:\/\/laland.vip\/index.php\/wp-json\/wp\/v2\/media?parent=154"}],"wp:term":[{"taxonomy":"product_cat","embeddable":true,"href":"https:\/\/laland.vip\/index.php\/wp-json\/wp\/v2\/product_cat?post=154"},{"taxonomy":"product_tag","embeddable":true,"href":"https:\/\/laland.vip\/index.php\/wp-json\/wp\/v2\/product_tag?post=154"}],"curies":[{"name":"wp","href":"https:\/\/api.w.org\/{rel}","templated":true}]}}