{"id":161,"date":"2023-02-27T08:07:20","date_gmt":"2023-02-27T08:07:20","guid":{"rendered":"https:\/\/laland.vip\/?post_type=product&#038;p=161"},"modified":"2023-03-09T03:48:16","modified_gmt":"2023-03-09T03:48:16","slug":"dat-thovuon-ap-2-xa-thanh-hoa-huyen-ben-luc","status":"publish","type":"product","link":"https:\/\/laland.vip\/index.php\/product\/dat-thovuon-ap-2-xa-thanh-hoa-huyen-ben-luc\/","title":{"rendered":"\u0110\u1ea4T TH\u1ed4+V\u01af\u1edcN \u1ea4P 2 X\u00c3 TH\u1ea0NH H\u00d2A HUY\u1ec6N B\u1ebeN L\u1ee8C"},"content":{"rendered":"<p>H\u00c0NG SI\u00caU HI\u1ebeM CHO KH\u00c1CH \u0110\u1ea6U T\u01af L\u00c2U D\u00c0I<\/p>\n<p>*V\u1ecb tr\u00ed \u0111\u1ea5t: \u0110\u01b0\u1eddng TL 816 v\u00e0o 400m t\u1edbi \u0111\u1ea5t thu\u1ed9c \u1ea4p 2 x\u00e3 Th\u1ea1nh Ho\u00e0 B\u1ebfn L\u1ee9c Long An<\/p>\n<p>*Di\u1ec7n t\u00edch : 144m\u00b2 ONT + 1384m\u00b2 BHK<\/p>\n<p>*\u0110\u1ea5t \u0111\u1eb9p g\u1ea7n ch\u1ee3, tr\u01b0\u1eddng h\u1ecdc, BHX, U\u1ef7 Ban X\u00e3\u2026..<\/p>\n<p>*\u0110\u01b0\u1eddng tr\u01b0\u1edbc \u0111\u1ea5t 3m \u0111\u00e1 xanh, \u0111\u00e3 san l\u1eafp \u0111\u1ed5 n\u1ec1n s\u1eb5n<br \/>\n*Bao m\u1ecdi chi ph\u00ed cho Kh\u00e1ch \u0111\u1ea7u t\u01b0<\/p>\n<p>*Th\u00edch h\u1ee3p x\u00e2y d\u1ef1ng nh\u00e0 v\u01b0\u1eddn, tr\u1ed3ng tr\u1ecdt&#8230;.<\/p>\n","protected":false},"excerpt":{"rendered":"<p>H\u00c0NG SI\u00caU HI\u1ebeM CHO KH\u00c1CH \u0110\u1ea6U T\u01af L\u00c2U D\u00c0I *V\u1ecb tr\u00ed \u0111\u1ea5t: \u0110\u01b0\u1eddng TL 816 v\u00e0o 400m t\u1edbi \u0111\u1ea5t thu\u1ed9c \u1ea4p 2 x\u00e3 Th\u1ea1nh Ho\u00e0&hellip;<\/p>\n","protected":false},"featured_media":162,"comment_status":"open","ping_status":"closed","template":"","meta":[],"product_cat":[24,23],"product_tag":[],"class_list":{"0":"post-161","1":"product","2":"type-product","3":"status-publish","4":"has-post-thumbnail","6":"product_cat-ben-luc","7":"product_cat-dat-thovuon","9":"first","10":"instock","11":"shipping-taxable","12":"purchasable","13":"product-type-simple","14":"customify-col","15":"product-has-gallery"},"_links":{"self":[{"href":"https:\/\/laland.vip\/index.php\/wp-json\/wp\/v2\/product\/161","targetHints":{"allow":["GET"]}}],"collection":[{"href":"https:\/\/laland.vip\/index.php\/wp-json\/wp\/v2\/product"}],"about":[{"href":"https:\/\/laland.vip\/index.php\/wp-json\/wp\/v2\/types\/product"}],"replies":[{"embeddable":true,"href":"https:\/\/laland.vip\/index.php\/wp-json\/wp\/v2\/comments?post=161"}],"wp:featuredmedia":[{"embeddable":true,"href":"https:\/\/laland.vip\/index.php\/wp-json\/wp\/v2\/media\/162"}],"wp:attachment":[{"href":"https:\/\/laland.vip\/index.php\/wp-json\/wp\/v2\/media?parent=161"}],"wp:term":[{"taxonomy":"product_cat","embeddable":true,"href":"https:\/\/laland.vip\/index.php\/wp-json\/wp\/v2\/product_cat?post=161"},{"taxonomy":"product_tag","embeddable":true,"href":"https:\/\/laland.vip\/index.php\/wp-json\/wp\/v2\/product_tag?post=161"}],"curies":[{"name":"wp","href":"https:\/\/api.w.org\/{rel}","templated":true}]}}