{"id":177,"date":"2023-02-28T00:46:54","date_gmt":"2023-02-28T00:46:54","guid":{"rendered":"https:\/\/laland.vip\/?post_type=product&#038;p=177"},"modified":"2023-02-28T00:46:54","modified_gmt":"2023-02-28T00:46:54","slug":"dat-tho-ap-3-xa-thanh-duc-huyen-ben-luc","status":"publish","type":"product","link":"https:\/\/laland.vip\/index.php\/product\/dat-tho-ap-3-xa-thanh-duc-huyen-ben-luc\/","title":{"rendered":"\u0110\u1ea4T TH\u1ed4 \u1ea4P 3 X\u00c3 TH\u1ea0NH \u0110\u1ee8C HUY\u1ec6N B\u1ebeN L\u1ee8C"},"content":{"rendered":"<p>H\u00e0ng Hot Th\u1ed5 C\u01b0 F0 2 L\u00f4 Li\u1ec1n K\u1ec1<\/p>\n<p>V\u1ecb tr\u00ed: \u0110\u01b0\u1eddng li\u00ean \u1ea5p 2-3 x\u00e3 Th\u1ea1nh \u0110\u1ee9c (\u0111an 4m), H. B\u1ebfn L\u1ee9c, LA<\/p>\n<p>&#8211; DT : 150m2 th\u1ed5 c\u01b0 (5&#215;30)<\/p>\n<p>&#8211; Gi\u00e1 : 1ty250tr\/1l\u00f4 (k bao san l\u1ea5p)<\/p>\n<p>&#8211; G\u1ea7n \u1ee7y ban ,tr\u01b0\u1eddng h\u1ecdc,ch\u1ee3<\/p>\n<p>&#8211; Xe \u00f4 t\u00f4 \u0111\u1eadu tr\u01b0\u1edbc \u0111\u1ea5t<\/p>\n<p>&#8211; \u0110\u1ea5t s\u1ea1ch \u0111\u1eb9p kh\u00f4ng m\u1ed3 m\u00e3<\/p>\n<p>&#8211; D\u00e2n c\u01b0 \u0111\u00f4ng \u0111\u00fac,\u0111i\u1ec7n n\u01b0\u1edbc \u0111\u1ea7y \u0111\u1ee7<\/p>\n<p>&#8211; Thu\u1eadn ti\u1ec7n bu\u00f4n b\u00e1n kinh doanh an c\u01b0 l\u1ea1c nghi\u1ec7p ho\u1eb7c \u0111\u1ea7u t\u01b0 sinh l\u1eddi<\/p>\n<p>&#8211; SHR ,c\u00f4ng ch\u1ee9ng li\u1ec1n tay<\/p>\n<p>&nbsp;<\/p>\n","protected":false},"excerpt":{"rendered":"<p>H\u00e0ng Hot Th\u1ed5 C\u01b0 F0 2 L\u00f4 Li\u1ec1n K\u1ec1 V\u1ecb tr\u00ed: \u0110\u01b0\u1eddng li\u00ean \u1ea5p 2-3 x\u00e3 Th\u1ea1nh \u0110\u1ee9c (\u0111an 4m), H. B\u1ebfn L\u1ee9c, LA &#8211;&hellip;<\/p>\n","protected":false},"featured_media":178,"comment_status":"open","ping_status":"closed","template":"","meta":[],"product_cat":[24,21],"product_tag":[],"class_list":{"0":"post-177","1":"product","2":"type-product","3":"status-publish","4":"has-post-thumbnail","6":"product_cat-ben-luc","7":"product_cat-dat-tho","9":"first","10":"instock","11":"shipping-taxable","12":"purchasable","13":"product-type-simple","14":"customify-col","15":"product-has-gallery"},"_links":{"self":[{"href":"https:\/\/laland.vip\/index.php\/wp-json\/wp\/v2\/product\/177","targetHints":{"allow":["GET"]}}],"collection":[{"href":"https:\/\/laland.vip\/index.php\/wp-json\/wp\/v2\/product"}],"about":[{"href":"https:\/\/laland.vip\/index.php\/wp-json\/wp\/v2\/types\/product"}],"replies":[{"embeddable":true,"href":"https:\/\/laland.vip\/index.php\/wp-json\/wp\/v2\/comments?post=177"}],"wp:featuredmedia":[{"embeddable":true,"href":"https:\/\/laland.vip\/index.php\/wp-json\/wp\/v2\/media\/178"}],"wp:attachment":[{"href":"https:\/\/laland.vip\/index.php\/wp-json\/wp\/v2\/media?parent=177"}],"wp:term":[{"taxonomy":"product_cat","embeddable":true,"href":"https:\/\/laland.vip\/index.php\/wp-json\/wp\/v2\/product_cat?post=177"},{"taxonomy":"product_tag","embeddable":true,"href":"https:\/\/laland.vip\/index.php\/wp-json\/wp\/v2\/product_tag?post=177"}],"curies":[{"name":"wp","href":"https:\/\/api.w.org\/{rel}","templated":true}]}}