{"id":184,"date":"2023-02-28T00:49:36","date_gmt":"2023-02-28T00:49:36","guid":{"rendered":"https:\/\/laland.vip\/?post_type=product&#038;p=184"},"modified":"2023-03-09T03:44:10","modified_gmt":"2023-03-09T03:44:10","slug":"dat-vuon-ap-4-xa-thanh-hoa-huyen-ben-luc","status":"publish","type":"product","link":"https:\/\/laland.vip\/index.php\/product\/dat-vuon-ap-4-xa-thanh-hoa-huyen-ben-luc\/","title":{"rendered":"\u0110\u1ea4T V\u01af\u1edcN \u1ea4P 4 X\u00c3 TH\u1ea0NH H\u00d2A HUY\u1ec6N B\u1ebeN L\u1ee8C"},"content":{"rendered":"<p>\u0110\u1ea5t V\u01b0\u1eddn\u00a0 \u1ea5p 4 &#8211; x\u00e3 Th\u1ea1nh Ho\u00e0 &#8211; B\u1ebfn L\u1ee9c &#8211; Long An.<\/p>\n<p>C\u00e1ch duong TL816 kho\u1ea3ng 1km t\u1edbi \u0111\u1ea5t, \u0111\u01b0\u1eddng \u0111\u00e1 xanh 3m, xe \u00f4t\u00f4 t\u1edbi \u0111\u1ea5t.<\/p>\n<p>Khu d\u00e2n c\u01b0 \u0111\u00f4ng \u0111\u00fac, \u0111i\u1ec7n n\u01b0\u1edbc \u0111\u1ea7y \u0111\u1ee7<\/p>\n<p>G\u1ea7n UBND, Ch\u1ee3 5 ph\u00fat c\u00f3 \u0111\u1ea7y \u0111\u1ee7.Th\u00edch h\u1ee3p l\u00e0m v\u01b0\u1eddn tr\u1ed3ng c\u00e2y nu\u00f4i c\u00e1.. Vv.<\/p>\n<p>Di\u1ec7n t\u00edch: 3000m2. Gi\u00e1: 1,950 tri\u1ec7u<\/p>\n<p>Gia th\u01b0\u01a1ng l\u01b0\u1ee3ng. Lo H\u1ebft Chi Ph\u00ed Ra S\u1ed5 H\u1ed3ng.<\/p>\n","protected":false},"excerpt":{"rendered":"<p>\u0110\u1ea5t V\u01b0\u1eddn\u00a0 \u1ea5p 4 &#8211; x\u00e3 Th\u1ea1nh Ho\u00e0 &#8211; B\u1ebfn L\u1ee9c &#8211; Long An. C\u00e1ch duong TL816 kho\u1ea3ng 1km t\u1edbi \u0111\u1ea5t, \u0111\u01b0\u1eddng \u0111\u00e1 xanh 3m,&hellip;<\/p>\n","protected":false},"featured_media":185,"comment_status":"open","ping_status":"closed","template":"","meta":[],"product_cat":[24,20],"product_tag":[],"class_list":{"0":"post-184","1":"product","2":"type-product","3":"status-publish","4":"has-post-thumbnail","6":"product_cat-ben-luc","7":"product_cat-dat-vuon","9":"first","10":"instock","11":"shipping-taxable","12":"purchasable","13":"product-type-simple","14":"customify-col","15":"product-has-gallery"},"_links":{"self":[{"href":"https:\/\/laland.vip\/index.php\/wp-json\/wp\/v2\/product\/184","targetHints":{"allow":["GET"]}}],"collection":[{"href":"https:\/\/laland.vip\/index.php\/wp-json\/wp\/v2\/product"}],"about":[{"href":"https:\/\/laland.vip\/index.php\/wp-json\/wp\/v2\/types\/product"}],"replies":[{"embeddable":true,"href":"https:\/\/laland.vip\/index.php\/wp-json\/wp\/v2\/comments?post=184"}],"wp:featuredmedia":[{"embeddable":true,"href":"https:\/\/laland.vip\/index.php\/wp-json\/wp\/v2\/media\/185"}],"wp:attachment":[{"href":"https:\/\/laland.vip\/index.php\/wp-json\/wp\/v2\/media?parent=184"}],"wp:term":[{"taxonomy":"product_cat","embeddable":true,"href":"https:\/\/laland.vip\/index.php\/wp-json\/wp\/v2\/product_cat?post=184"},{"taxonomy":"product_tag","embeddable":true,"href":"https:\/\/laland.vip\/index.php\/wp-json\/wp\/v2\/product_tag?post=184"}],"curies":[{"name":"wp","href":"https:\/\/api.w.org\/{rel}","templated":true}]}}