{"id":190,"date":"2023-02-28T00:53:31","date_gmt":"2023-02-28T00:53:31","guid":{"rendered":"https:\/\/laland.vip\/?post_type=product&#038;p=190"},"modified":"2023-03-09T03:43:51","modified_gmt":"2023-03-09T03:43:51","slug":"dat-vuon-ap-4-xa-thanh-duc-huyen-ben-luc","status":"publish","type":"product","link":"https:\/\/laland.vip\/index.php\/product\/dat-vuon-ap-4-xa-thanh-duc-huyen-ben-luc\/","title":{"rendered":"\u0110\u1ea4T V\u01af\u1edcN \u1ea4P 4 X\u00c3 TH\u1ea0NH \u0110\u1ee8C HUY\u1ec6N B\u1ebeN L\u1ee8C"},"content":{"rendered":"<p>*\u0110\u1ea5t V\u01b0\u1eddn \u1ea4p 4 Th\u1ea1nh \u0110\u1ee9c &#8211; B\u1ebfn L\u1ee9c &#8211; Long An<\/p>\n<p>*Di\u1ec7n t\u00edch : 700m2 \u0110\u1ea5t H\u00e0ng n\u0103m kh\u00e1c,\u0110\u01b0\u1ee3c l\u00ean Th\u1ed5.<\/p>\n<p>*Gi\u00e1 : 1,9 t\u1ef7 th\u01b0\u01a1ng l\u01b0\u1ee3ng<\/p>\n<p>*G\u1ea7n Ga xe l\u1eeda Th\u1ea1nh \u0110\u1ee9c<\/p>\n<p>*D\u00e2n c\u01b0 \u0111\u00f4ng , \u0111i\u1ec7n n\u01b0\u1edbc \u0111\u1ea7y \u0111\u1ee7, th\u00edch h\u1ee3p x\u00e2y nh\u00e0 hay \u0111\u1ea7u t\u01b0 Vv<\/p>\n<p>*G\u1ea7n ch\u1ee3 , Tr\u01b0\u1eddng h\u1ecdc , Uy Ban X\u00e3,Tr\u1ea1m y t\u1ebf . Di chuy\u1ec3n m\u1ea5t 5-8 ph\u00fat c\u00f3 \u0111\u1ea7y \u0111\u1ee7.<\/p>\n<p>*C\u00e1ch nh\u1ef1a Qu\u1ed1c l\u1ed9 1A ch\u1ec9 5 ph\u00fat, \u0110\u01b0\u1eddng \u00f4 t\u00f4 xe T\u1ea3i 2,5 T\u1ea5n<\/p>\n<p>*Lo H\u1ebft Th\u1ee7 T\u1ee5c Cho B\u00ean mua Ra S\u1ed5 H\u1ed3ng<\/p>\n","protected":false},"excerpt":{"rendered":"<p>*\u0110\u1ea5t V\u01b0\u1eddn \u1ea4p 4 Th\u1ea1nh \u0110\u1ee9c &#8211; B\u1ebfn L\u1ee9c &#8211; Long An *Di\u1ec7n t\u00edch : 700m2 \u0110\u1ea5t H\u00e0ng n\u0103m kh\u00e1c,\u0110\u01b0\u1ee3c l\u00ean Th\u1ed5. *Gi\u00e1 : 1,9&hellip;<\/p>\n","protected":false},"featured_media":191,"comment_status":"open","ping_status":"closed","template":"","meta":[],"product_cat":[24,20],"product_tag":[],"class_list":{"0":"post-190","1":"product","2":"type-product","3":"status-publish","4":"has-post-thumbnail","6":"product_cat-ben-luc","7":"product_cat-dat-vuon","9":"first","10":"instock","11":"shipping-taxable","12":"purchasable","13":"product-type-simple","14":"customify-col","15":"product-has-gallery"},"_links":{"self":[{"href":"https:\/\/laland.vip\/index.php\/wp-json\/wp\/v2\/product\/190","targetHints":{"allow":["GET"]}}],"collection":[{"href":"https:\/\/laland.vip\/index.php\/wp-json\/wp\/v2\/product"}],"about":[{"href":"https:\/\/laland.vip\/index.php\/wp-json\/wp\/v2\/types\/product"}],"replies":[{"embeddable":true,"href":"https:\/\/laland.vip\/index.php\/wp-json\/wp\/v2\/comments?post=190"}],"wp:featuredmedia":[{"embeddable":true,"href":"https:\/\/laland.vip\/index.php\/wp-json\/wp\/v2\/media\/191"}],"wp:attachment":[{"href":"https:\/\/laland.vip\/index.php\/wp-json\/wp\/v2\/media?parent=190"}],"wp:term":[{"taxonomy":"product_cat","embeddable":true,"href":"https:\/\/laland.vip\/index.php\/wp-json\/wp\/v2\/product_cat?post=190"},{"taxonomy":"product_tag","embeddable":true,"href":"https:\/\/laland.vip\/index.php\/wp-json\/wp\/v2\/product_tag?post=190"}],"curies":[{"name":"wp","href":"https:\/\/api.w.org\/{rel}","templated":true}]}}