{"id":200,"date":"2023-02-28T00:59:01","date_gmt":"2023-02-28T00:59:01","guid":{"rendered":"https:\/\/laland.vip\/?post_type=product&#038;p=200"},"modified":"2023-04-06T07:18:31","modified_gmt":"2023-04-06T07:18:31","slug":"dat-vuon-4-mat-tien-ap-6-xa-binh-duc-huyen-ben-luc","status":"publish","type":"product","link":"https:\/\/laland.vip\/index.php\/product\/dat-vuon-4-mat-tien-ap-6-xa-binh-duc-huyen-ben-luc\/","title":{"rendered":"\u0110\u1ea4T V\u01af\u1edcN 3 M\u1eb6T TI\u1ec0N \u1ea4P 6 X\u00c3 B\u00ccNH \u0110\u1ee8C HUY\u1ec6N B\u1ebeN L\u1ee8C"},"content":{"rendered":"<p>\u0110\u1ea4T V\u01af\u1edcN 3 M\u1eb6T TI\u1ec0N GI\u00c1 \u0110\u1ea6U T\u01af<br \/>\n*V\u1ecb tr\u00ed:<br \/>\n&#8211; C\u00e1ch \u0111\u01b0\u1eddng \u0110an Li\u00ean \u1ea5p 5-6 B\u00ecnh \u0110\u1ee9c ch\u1ec9 200m, xe h\u01a1i t\u1edbi \u0111\u1ea5t<br \/>\n&#8211; Thu\u1ed9c \u1ea5p 6 x\u00e3 B\u00ecnh \u0110\u1ee9c- B\u1ebfn L\u1ee9c- Long An<br \/>\n*Di\u1ec7n t\u00edch : 5231m\u00b2 BHK \u0111\u01b0\u1ee3c chuy\u1ec3n th\u1ed5<br \/>\n*Gi\u00e1: 1 t\u1ef7 200 tri\u1ec7u\/ 1000m\u00b2 (gi\u00e1 th\u01b0\u01a1ng l\u01b0\u1ee3ng).<br \/>\n* Di\u1ec7n t\u00edch l\u1edbn th\u00edch h\u1ee3p ph\u00e2n l\u00f4 \u0111\u1ea7u t\u01b0, cho t\u1eb7ng ng\u01b0\u1eddi th\u00e2n<br \/>\n&#8211; \u0110\u1ea5t m\u1eb7t ti\u1ec1n \u0111\u01b0\u1eddng k\u00eanh 5m \u0111\u00e1 xanh, \u0111ang tr\u1ed3ng c\u00e2y \u0103n qu\u1ea3<br \/>\n&#8211; C\u00e1ch 3km \u0111\u1ea7y \u0111\u1ee7 ti\u1ec7n \u00edch nh\u01b0 ch\u1ee3, \u1ee7y ban, tr\u01b0\u1eddng h\u1ecdc, tr\u1ea1m y t\u1ebf\u2026<br \/>\n&#8211; S\u1ed5 h\u1ed3ng s\u1eb5n, sang t\u00ean li\u1ec1n tay<br \/>\n&#8211; Bao to\u00e0n b\u1ed9 thu\u1ebf ph\u00ed<\/p>\n","protected":false},"excerpt":{"rendered":"<p>\u0110\u1ea4T V\u01af\u1edcN 3 M\u1eb6T TI\u1ec0N GI\u00c1 \u0110\u1ea6U T\u01af *V\u1ecb tr\u00ed: &#8211; C\u00e1ch \u0111\u01b0\u1eddng \u0110an Li\u00ean \u1ea5p 5-6 B\u00ecnh \u0110\u1ee9c ch\u1ec9 200m, xe h\u01a1i t\u1edbi \u0111\u1ea5t&hellip;<\/p>\n","protected":false},"featured_media":201,"comment_status":"open","ping_status":"closed","template":"","meta":[],"product_cat":[24,20],"product_tag":[],"class_list":{"0":"post-200","1":"product","2":"type-product","3":"status-publish","4":"has-post-thumbnail","6":"product_cat-ben-luc","7":"product_cat-dat-vuon","9":"first","10":"instock","11":"shipping-taxable","12":"purchasable","13":"product-type-simple","14":"customify-col","15":"product-has-gallery"},"_links":{"self":[{"href":"https:\/\/laland.vip\/index.php\/wp-json\/wp\/v2\/product\/200","targetHints":{"allow":["GET"]}}],"collection":[{"href":"https:\/\/laland.vip\/index.php\/wp-json\/wp\/v2\/product"}],"about":[{"href":"https:\/\/laland.vip\/index.php\/wp-json\/wp\/v2\/types\/product"}],"replies":[{"embeddable":true,"href":"https:\/\/laland.vip\/index.php\/wp-json\/wp\/v2\/comments?post=200"}],"wp:featuredmedia":[{"embeddable":true,"href":"https:\/\/laland.vip\/index.php\/wp-json\/wp\/v2\/media\/201"}],"wp:attachment":[{"href":"https:\/\/laland.vip\/index.php\/wp-json\/wp\/v2\/media?parent=200"}],"wp:term":[{"taxonomy":"product_cat","embeddable":true,"href":"https:\/\/laland.vip\/index.php\/wp-json\/wp\/v2\/product_cat?post=200"},{"taxonomy":"product_tag","embeddable":true,"href":"https:\/\/laland.vip\/index.php\/wp-json\/wp\/v2\/product_tag?post=200"}],"curies":[{"name":"wp","href":"https:\/\/api.w.org\/{rel}","templated":true}]}}