{"id":209,"date":"2023-02-28T01:03:08","date_gmt":"2023-02-28T01:03:08","guid":{"rendered":"https:\/\/laland.vip\/?post_type=product&#038;p=209"},"modified":"2023-03-09T03:42:00","modified_gmt":"2023-03-09T03:42:00","slug":"dat-vuon-view-song-ap-6-xa-binh-duc-huyen-ben-luc","status":"publish","type":"product","link":"https:\/\/laland.vip\/index.php\/product\/dat-vuon-view-song-ap-6-xa-binh-duc-huyen-ben-luc\/","title":{"rendered":"\u0110\u1ea4T V\u01af\u1edcN VIEW S\u00d4NG \u1ea4P 6 X\u00c3 B\u00ccNH \u0110\u1ee8C HUY\u1ec6N B\u1ebeN L\u1ee8C"},"content":{"rendered":"<p>\u0110\u1ea5t v\u01b0\u1eddn View S\u00f4ng x\u00e3 B\u00ecnh \u0110\u1ee9c B\u1ebfn L\u1ee9c , Long An<\/p>\n<p>&#8211; V\u1ecb tr\u00ed: \u0110\u01b0\u1eddng th\u00f4ng . Khu \u0111\u00f4ng d\u00e2n c\u01b0, \u0111i\u1ec7n n\u01b0\u1edbc c\u00f3 s\u1eb5n.<\/p>\n<p>&#8211;\u00a0 \u0110\u1ea5t \u0111ang tr\u1ed3ng chanh cho thu ho\u1ea1ch.C\u1ea7u R\u1ecdc Tr\u00e2m, c\u00e1ch \u0111\u01b0\u1eddng li\u00ean \u1ea5p 5-6 B\u00ecnh \u0110\u1ee9c 150m, \u0110\u01b0\u1ee3c l\u00ean full th\u1ed5 c\u01b0.<\/p>\n<p>-Di\u1ec7n t\u00edch: 2,383m\u00b2 Gi\u00e1 : 2,4 t\u1ef7<\/p>\n<p>-Di\u1ec7n t\u00edch: 3,700m\u00b2 Gi\u00e1 3,7 t\u1ef7<\/p>\n<p>-S\u1ed5 H\u1ed3ng C\u00f3 S\u1eb5n , Lo M\u1ecdi Th\u1ee7 T\u1ee5c Gi\u1ea5y T\u1edd<\/p>\n","protected":false},"excerpt":{"rendered":"<p>\u0110\u1ea5t v\u01b0\u1eddn View S\u00f4ng x\u00e3 B\u00ecnh \u0110\u1ee9c B\u1ebfn L\u1ee9c , Long An &#8211; V\u1ecb tr\u00ed: \u0110\u01b0\u1eddng th\u00f4ng . Khu \u0111\u00f4ng d\u00e2n c\u01b0, \u0111i\u1ec7n n\u01b0\u1edbc c\u00f3&hellip;<\/p>\n","protected":false},"featured_media":210,"comment_status":"open","ping_status":"closed","template":"","meta":[],"product_cat":[24,20],"product_tag":[],"class_list":{"0":"post-209","1":"product","2":"type-product","3":"status-publish","4":"has-post-thumbnail","6":"product_cat-ben-luc","7":"product_cat-dat-vuon","9":"first","10":"instock","11":"shipping-taxable","12":"purchasable","13":"product-type-simple","14":"customify-col","15":"product-has-gallery"},"_links":{"self":[{"href":"https:\/\/laland.vip\/index.php\/wp-json\/wp\/v2\/product\/209","targetHints":{"allow":["GET"]}}],"collection":[{"href":"https:\/\/laland.vip\/index.php\/wp-json\/wp\/v2\/product"}],"about":[{"href":"https:\/\/laland.vip\/index.php\/wp-json\/wp\/v2\/types\/product"}],"replies":[{"embeddable":true,"href":"https:\/\/laland.vip\/index.php\/wp-json\/wp\/v2\/comments?post=209"}],"wp:featuredmedia":[{"embeddable":true,"href":"https:\/\/laland.vip\/index.php\/wp-json\/wp\/v2\/media\/210"}],"wp:attachment":[{"href":"https:\/\/laland.vip\/index.php\/wp-json\/wp\/v2\/media?parent=209"}],"wp:term":[{"taxonomy":"product_cat","embeddable":true,"href":"https:\/\/laland.vip\/index.php\/wp-json\/wp\/v2\/product_cat?post=209"},{"taxonomy":"product_tag","embeddable":true,"href":"https:\/\/laland.vip\/index.php\/wp-json\/wp\/v2\/product_tag?post=209"}],"curies":[{"name":"wp","href":"https:\/\/api.w.org\/{rel}","templated":true}]}}