{"id":218,"date":"2023-02-28T01:10:36","date_gmt":"2023-02-28T01:10:36","guid":{"rendered":"https:\/\/laland.vip\/?post_type=product&#038;p=218"},"modified":"2023-09-18T13:14:30","modified_gmt":"2023-09-18T13:14:30","slug":"dat-tho-va-vuon-xom-cu-lao-ap-4-xa-thanh-duc-huyen-ben-luc","status":"publish","type":"product","link":"https:\/\/laland.vip\/index.php\/product\/dat-tho-va-vuon-xom-cu-lao-ap-4-xa-thanh-duc-huyen-ben-luc\/","title":{"rendered":"\u0110\u1ea4T TH\u1ed4 V\u00c0 V\u01af\u1edcN X\u00d3M C\u00d9 LAO \u1ea4P 4 X\u00c3 TH\u1ea0NH \u0110\u1ee8C HUY\u1ec6N B\u1ebeN L\u1ee8C"},"content":{"rendered":"<p>\ud83d\udce3 B\u00c1N \u0110\u1ea4T TH\u1ed4 C\u01af GI\u00c1 \u0110\u1ea4T L\u00daA<\/p>\n<p>\u2b50V\u1ecb tr\u00ed: x\u00f3m C\u00f9 Lao, \u1ea4p 4 x\u00e3 Th\u1ea1nh \u0110\u1ee9c, B\u1ebfn L\u1ee9c, \u0110\u01b0\u1eddng oto 3m<\/p>\n<p>\u2b50Di\u1ec7n t\u00edch:<\/p>\n<p>&#8211; 1000m\u00b2 ONT 3 t\u1ef7<\/p>\n<p>&#8211; 1245m\u00b2 ONT 3.5 t\u1ef7<\/p>\n<p>&nbsp;<\/p>\n<p>\u2b50Chi ti\u1ebft:<\/p>\n<p>&#8211; Th\u1ed5 c\u01b0, n\u1ec1n s\u1eb5n, khu \u0111\u00f4ng d\u00e2n c\u01b0<\/p>\n<p>&#8211; S\u1ed5 h\u1ed3ng ri\u00eang<\/p>\n<p>&#8211; \u0110\u01b0\u1eddng oto<\/p>\n<p>&#8211; Th\u00edch h\u1ee3p \u0111\u1ea7u t\u01b0 sinh l\u1eddi cao, nh\u00e0 v\u01b0\u1eddn<\/p>\n<p>&#8211; G\u1ea7n Ga xe l\u1eeda Th\u1ea1nh \u0110\u1ee9c<\/p>\n","protected":false},"excerpt":{"rendered":"<p>\ud83d\udce3 B\u00c1N \u0110\u1ea4T TH\u1ed4 C\u01af GI\u00c1 \u0110\u1ea4T L\u00daA \u2b50V\u1ecb tr\u00ed: x\u00f3m C\u00f9 Lao, \u1ea4p 4 x\u00e3 Th\u1ea1nh \u0110\u1ee9c, B\u1ebfn L\u1ee9c, \u0110\u01b0\u1eddng oto 3m \u2b50Di\u1ec7n t\u00edch:&hellip;<\/p>\n","protected":false},"featured_media":219,"comment_status":"open","ping_status":"closed","template":"","meta":[],"product_cat":[24,21,23,20],"product_tag":[],"class_list":{"0":"post-218","1":"product","2":"type-product","3":"status-publish","4":"has-post-thumbnail","6":"product_cat-ben-luc","7":"product_cat-dat-tho","8":"product_cat-dat-thovuon","9":"product_cat-dat-vuon","11":"first","12":"instock","13":"shipping-taxable","14":"purchasable","15":"product-type-simple","16":"customify-col","17":"product-has-gallery"},"_links":{"self":[{"href":"https:\/\/laland.vip\/index.php\/wp-json\/wp\/v2\/product\/218","targetHints":{"allow":["GET"]}}],"collection":[{"href":"https:\/\/laland.vip\/index.php\/wp-json\/wp\/v2\/product"}],"about":[{"href":"https:\/\/laland.vip\/index.php\/wp-json\/wp\/v2\/types\/product"}],"replies":[{"embeddable":true,"href":"https:\/\/laland.vip\/index.php\/wp-json\/wp\/v2\/comments?post=218"}],"wp:featuredmedia":[{"embeddable":true,"href":"https:\/\/laland.vip\/index.php\/wp-json\/wp\/v2\/media\/219"}],"wp:attachment":[{"href":"https:\/\/laland.vip\/index.php\/wp-json\/wp\/v2\/media?parent=218"}],"wp:term":[{"taxonomy":"product_cat","embeddable":true,"href":"https:\/\/laland.vip\/index.php\/wp-json\/wp\/v2\/product_cat?post=218"},{"taxonomy":"product_tag","embeddable":true,"href":"https:\/\/laland.vip\/index.php\/wp-json\/wp\/v2\/product_tag?post=218"}],"curies":[{"name":"wp","href":"https:\/\/api.w.org\/{rel}","templated":true}]}}