{"id":227,"date":"2023-02-28T01:15:19","date_gmt":"2023-02-28T01:15:19","guid":{"rendered":"https:\/\/laland.vip\/?post_type=product&#038;p=227"},"modified":"2023-03-09T03:41:30","modified_gmt":"2023-03-09T03:41:30","slug":"dat-vuon-view-song-xa-thanh-duc-huyen-ben-luc","status":"publish","type":"product","link":"https:\/\/laland.vip\/index.php\/product\/dat-vuon-view-song-xa-thanh-duc-huyen-ben-luc\/","title":{"rendered":"\u0110\u1ea4T V\u01af\u1edcN VIEW S\u00d4NG X\u00c3 TH\u1ea0NH \u0110\u1ee8C HUY\u1ec6N B\u1ebeN L\u1ee8C"},"content":{"rendered":"<p>\u0110\u1ea4T C\u00c2Y L\u00c2U N\u0102M X\u00c3 TH\u1ea0NH \u0110\u1ee8C VIEW S\u00d4NG<\/p>\n<p>-V\u1ecb Tr\u00ed:x\u00f3m C\u00f9 Lao, Th\u1ea1nh \u0110\u1ee9c, B\u1ebfn L\u1ee9c, LA<\/p>\n<p>-Di\u1ec7n t\u00edch: 460m\u00b2 c\u00e2y l\u00e2u n\u0103m<\/p>\n<p>-Gi\u00e1 Th\u01b0\u01a1ng L\u01b0\u1ee3ng: 790 Tri\u1ec7u<\/p>\n<p>-Th\u1ea1nh \u0110\u1ee9c r\u1ea5t \u00edt s\u1ed5 nh\u1ecf gi\u00e1 th\u1ea5p ch\u01b0a qua \u0111\u1ea7u t\u01b0, hi\u1ec7n t\u1ea1i \u0111\u00e3 kh\u00f4ng c\u00f2n t\u00e1ch s\u1ed5 nh\u1ecf \u0111\u01b0\u1ee3c n\u1eefa.<\/p>\n<p>&#8211; \u0110\u01b0\u1eddng oto \u0111\u1ebfn n\u01a1i, khu \u0111\u00f4ng d\u00e2n<\/p>\n<p>&#8211; S\u1ed5 h\u1ed3ng ri\u00eang, \u0111\u1ea5t vu\u00f4ng, s\u1ea1ch s\u1ebd<\/p>\n<p>&#8211; View s\u00f4ng tho\u00e1ng m\u00e1t &#8211; Th\u00edch h\u1ee3p \u0111\u1ea7u t\u01b0 sinh l\u1eddi ho\u1eb7c nh\u00e0 v\u01b0\u1eddn<\/p>\n","protected":false},"excerpt":{"rendered":"<p>\u0110\u1ea4T C\u00c2Y L\u00c2U N\u0102M X\u00c3 TH\u1ea0NH \u0110\u1ee8C VIEW S\u00d4NG -V\u1ecb Tr\u00ed:x\u00f3m C\u00f9 Lao, Th\u1ea1nh \u0110\u1ee9c, B\u1ebfn L\u1ee9c, LA -Di\u1ec7n t\u00edch: 460m\u00b2 c\u00e2y l\u00e2u n\u0103m -Gi\u00e1&hellip;<\/p>\n","protected":false},"featured_media":228,"comment_status":"open","ping_status":"closed","template":"","meta":[],"product_cat":[24,20],"product_tag":[],"class_list":{"0":"post-227","1":"product","2":"type-product","3":"status-publish","4":"has-post-thumbnail","6":"product_cat-ben-luc","7":"product_cat-dat-vuon","9":"first","10":"instock","11":"shipping-taxable","12":"purchasable","13":"product-type-simple","14":"customify-col","15":"product-has-gallery"},"_links":{"self":[{"href":"https:\/\/laland.vip\/index.php\/wp-json\/wp\/v2\/product\/227","targetHints":{"allow":["GET"]}}],"collection":[{"href":"https:\/\/laland.vip\/index.php\/wp-json\/wp\/v2\/product"}],"about":[{"href":"https:\/\/laland.vip\/index.php\/wp-json\/wp\/v2\/types\/product"}],"replies":[{"embeddable":true,"href":"https:\/\/laland.vip\/index.php\/wp-json\/wp\/v2\/comments?post=227"}],"wp:featuredmedia":[{"embeddable":true,"href":"https:\/\/laland.vip\/index.php\/wp-json\/wp\/v2\/media\/228"}],"wp:attachment":[{"href":"https:\/\/laland.vip\/index.php\/wp-json\/wp\/v2\/media?parent=227"}],"wp:term":[{"taxonomy":"product_cat","embeddable":true,"href":"https:\/\/laland.vip\/index.php\/wp-json\/wp\/v2\/product_cat?post=227"},{"taxonomy":"product_tag","embeddable":true,"href":"https:\/\/laland.vip\/index.php\/wp-json\/wp\/v2\/product_tag?post=227"}],"curies":[{"name":"wp","href":"https:\/\/api.w.org\/{rel}","templated":true}]}}