{"id":242,"date":"2023-02-28T01:21:52","date_gmt":"2023-02-28T01:21:52","guid":{"rendered":"https:\/\/laland.vip\/?post_type=product&#038;p=242"},"modified":"2026-04-13T14:12:31","modified_gmt":"2026-04-13T14:12:31","slug":"dat-lua-xa-binh-thanh-huyen-thu-thua","status":"publish","type":"product","link":"https:\/\/laland.vip\/index.php\/product\/dat-lua-xa-binh-thanh-huyen-thu-thua\/","title":{"rendered":"\u0110\u1ea4T L\u00daA X\u00c3 B\u00ccNH TH\u1ea0NH HUY\u1ec6N TH\u1ee6 TH\u1eeaA"},"content":{"rendered":"<p>HAI L\u00d4 \u0110\u1ea4T L\u00daA LI\u1ec0N K\u1ec0<\/p>\n<p>-V\u1ecb Tr\u00ed: X\u00e3 B\u00ecnh Th\u1ea1nh, H.Th\u1ee7 Th\u1eeba, T.Long An. M\u1eb7t Ti\u1ec1n 30m , \u0110\u01b0\u1eddng \u0110an Oto t\u1ea3i, C\u00e1ch L\u1ed9 Nh\u1ef1a container 200m<\/p>\n<p>-Di\u1ec7n t\u00edch: 2324m<sup>2<\/sup><\/p>\n<p>-Gi\u00e1 :3.5 t\u1ef7\u00a0 ( 1.5 tri\u1ec7u\/m<sup>2<\/sup>) th\u01b0\u01a1ng l\u01b0\u1ee3ng nh\u1eb9<\/p>\n<p>-Ti\u1ec7n \u0111\u1ea7u t\u01b0, nh\u00e0 v\u01b0\u1eddn, nh\u00e0 y\u1ebfn,&#8230;<\/p>\n","protected":false},"excerpt":{"rendered":"<p>HAI L\u00d4 \u0110\u1ea4T L\u00daA LI\u1ec0N K\u1ec0 -V\u1ecb Tr\u00ed: X\u00e3 B\u00ecnh Th\u1ea1nh, H.Th\u1ee7 Th\u1eeba, T.Long An. M\u1eb7t Ti\u1ec1n 30m , \u0110\u01b0\u1eddng \u0110an Oto t\u1ea3i, C\u00e1ch L\u1ed9&hellip;<\/p>\n","protected":false},"featured_media":243,"comment_status":"open","ping_status":"closed","template":"","meta":[],"product_cat":[22,25],"product_tag":[],"class_list":{"0":"post-242","1":"product","2":"type-product","3":"status-publish","4":"has-post-thumbnail","6":"product_cat-dat-lua","7":"product_cat-thu-thua","9":"first","10":"instock","11":"shipping-taxable","12":"purchasable","13":"product-type-simple","14":"customify-col","15":"product-has-gallery"},"_links":{"self":[{"href":"https:\/\/laland.vip\/index.php\/wp-json\/wp\/v2\/product\/242","targetHints":{"allow":["GET"]}}],"collection":[{"href":"https:\/\/laland.vip\/index.php\/wp-json\/wp\/v2\/product"}],"about":[{"href":"https:\/\/laland.vip\/index.php\/wp-json\/wp\/v2\/types\/product"}],"replies":[{"embeddable":true,"href":"https:\/\/laland.vip\/index.php\/wp-json\/wp\/v2\/comments?post=242"}],"wp:featuredmedia":[{"embeddable":true,"href":"https:\/\/laland.vip\/index.php\/wp-json\/wp\/v2\/media\/243"}],"wp:attachment":[{"href":"https:\/\/laland.vip\/index.php\/wp-json\/wp\/v2\/media?parent=242"}],"wp:term":[{"taxonomy":"product_cat","embeddable":true,"href":"https:\/\/laland.vip\/index.php\/wp-json\/wp\/v2\/product_cat?post=242"},{"taxonomy":"product_tag","embeddable":true,"href":"https:\/\/laland.vip\/index.php\/wp-json\/wp\/v2\/product_tag?post=242"}],"curies":[{"name":"wp","href":"https:\/\/api.w.org\/{rel}","templated":true}]}}