{"id":339,"date":"2023-03-27T03:16:16","date_gmt":"2023-03-27T03:16:16","guid":{"rendered":"https:\/\/laland.vip\/?post_type=product&#038;p=339"},"modified":"2023-03-27T03:16:30","modified_gmt":"2023-03-27T03:16:30","slug":"dat-vuon-f0-gia-sieu-dau-tu","status":"publish","type":"product","link":"https:\/\/laland.vip\/index.php\/product\/dat-vuon-f0-gia-sieu-dau-tu\/","title":{"rendered":"\u0110\u1ea4T V\u01af\u1edcN F0 GI\u00c1 SI\u00caU \u0110\u1ea6U T\u01af"},"content":{"rendered":"<p>F0 500m\u00b2 v\u01b0\u1eddn &#8211; Ch\u1eafc Ch\u1eafn L\u1eddi!<\/p>\n<p>-Gi\u00e1 \u0111\u1ea7u t\u01b0 t\u1eeb 750 &#8211; 850tr<br \/>\n(l\u00f4 1-5 850tr, l\u00f4 6: 750tr)<br \/>\n-V\u1ecb tr\u00ed: Th\u1ea1nh \u0110\u1ee9c, B\u1ebfn L\u1ee9c, \u0110\u01b0\u1eddng oto 3m<\/p>\n<p>\u2b50Chi ti\u1ebft:<br \/>\n&#8211; Gi\u00e1 \u0111\u1ea7u t\u01b0 bao l\u1eddi<br \/>\n&#8211; G\u1ea7n Happyland, khu \u0111\u00f4ng d\u00e2n c\u01b0, ch\u1ee3 tr\u01b0\u1eddng h\u1ecdc c\u00e1ch 5 ph\u00fat<br \/>\n&#8211; S\u1ed5 h\u1ed3ng ri\u00eang<br \/>\n&#8211; \u0110\u01b0\u1eddng oto<br \/>\n&#8211; Th\u00edch h\u1ee3p \u0111\u1ea7u t\u01b0 sinh l\u1eddi cao, nh\u00e0 v\u01b0\u1eddn<br \/>\n&#8211; G\u1ea7n Ga xe l\u1eeda Th\u1ea1nh \u0110\u1ee9c<\/p>\n","protected":false},"excerpt":{"rendered":"<p>F0 500m\u00b2 v\u01b0\u1eddn &#8211; Ch\u1eafc Ch\u1eafn L\u1eddi! -Gi\u00e1 \u0111\u1ea7u t\u01b0 t\u1eeb 750 &#8211; 850tr (l\u00f4 1-5 850tr, l\u00f4 6: 750tr) -V\u1ecb tr\u00ed: Th\u1ea1nh \u0110\u1ee9c, B\u1ebfn&hellip;<\/p>\n","protected":false},"featured_media":340,"comment_status":"open","ping_status":"closed","template":"","meta":[],"product_cat":[24,20],"product_tag":[],"class_list":{"0":"post-339","1":"product","2":"type-product","3":"status-publish","4":"has-post-thumbnail","6":"product_cat-ben-luc","7":"product_cat-dat-vuon","9":"first","10":"instock","11":"shipping-taxable","12":"purchasable","13":"product-type-simple","14":"customify-col","15":"product-has-gallery"},"_links":{"self":[{"href":"https:\/\/laland.vip\/index.php\/wp-json\/wp\/v2\/product\/339","targetHints":{"allow":["GET"]}}],"collection":[{"href":"https:\/\/laland.vip\/index.php\/wp-json\/wp\/v2\/product"}],"about":[{"href":"https:\/\/laland.vip\/index.php\/wp-json\/wp\/v2\/types\/product"}],"replies":[{"embeddable":true,"href":"https:\/\/laland.vip\/index.php\/wp-json\/wp\/v2\/comments?post=339"}],"wp:featuredmedia":[{"embeddable":true,"href":"https:\/\/laland.vip\/index.php\/wp-json\/wp\/v2\/media\/340"}],"wp:attachment":[{"href":"https:\/\/laland.vip\/index.php\/wp-json\/wp\/v2\/media?parent=339"}],"wp:term":[{"taxonomy":"product_cat","embeddable":true,"href":"https:\/\/laland.vip\/index.php\/wp-json\/wp\/v2\/product_cat?post=339"},{"taxonomy":"product_tag","embeddable":true,"href":"https:\/\/laland.vip\/index.php\/wp-json\/wp\/v2\/product_tag?post=339"}],"curies":[{"name":"wp","href":"https:\/\/api.w.org\/{rel}","templated":true}]}}