{"id":390,"date":"2023-07-19T23:51:29","date_gmt":"2023-07-19T23:51:29","guid":{"rendered":"https:\/\/laland.vip\/?post_type=product&#038;p=390"},"modified":"2023-09-18T13:12:00","modified_gmt":"2023-09-18T13:12:00","slug":"dat-tho-2-lo-lien-ke-xom-cu-lao-ap-4-thanh-duc-ben-luc","status":"publish","type":"product","link":"https:\/\/laland.vip\/index.php\/product\/dat-tho-2-lo-lien-ke-xom-cu-lao-ap-4-thanh-duc-ben-luc\/","title":{"rendered":"\u0110\u1ea4T TH\u1ed4 2 L\u00d4 LI\u1ec0N K\u1ec0 X\u00d3M C\u00d9 LAO , \u1ea4P 4 TH\u1ea0NH \u0110\u1ee8C, B\u1ebeN L\u1ee8C."},"content":{"rendered":"<p>\ud83e\udd4eV\u1ecb tr\u00ed: x\u00f3m C\u00f9 Lao, \u1ea5p 4 , x\u00e3 Th\u1ea1nh \u0110\u1ee9c, huy\u1ec7n B\u1ebfn L\u1ee9c, Long An<\/p>\n<p>\ud83e\udd4eDi\u1ec7n t\u00edch:<\/p>\n<p>-114,9m\u00b2 ONT +111,3m\u00b2 NTTS 700 tri\u1ec7u<\/p>\n<p>\ud83e\udd4eTi\u1ec7n \u00edch<\/p>\n<p>-\u0110\u01b0\u1eddng xe 7 ch\u1ed7 t\u1edbi \u0111\u1ea5t<\/p>\n<p>-N\u1ec1n cao th\u00edch h\u1ee3p x\u00e2y nh\u00e0 v\u01b0\u1eddn ngh\u1ec9 d\u01b0\u1ee1ng<\/p>\n<p>-C\u00e1ch \u0110T 816 2km, g\u1ea7n ch\u1ee3, tr\u01b0\u1eddng h\u1ecdc, khu du l\u1ecbch HappyLand&#8230;<\/p>\n<p>-Khu v\u1ef1c \u0111\u00f4ng d\u00e2n, \u0111i\u1ec7n n\u01b0\u1edbc \u0111\u1ea7y \u0111\u1ee7<\/p>\n<p>Gi\u00e1 th\u01b0\u01a1ng l\u01b0\u1ee3ng, ch\u00ednh ch\u1ee7 bao m\u1ecdi chi ph\u00ed cho kh\u00e1ch<\/p>\n<p>https:\/\/goo.gl\/maps\/jhy1msPdsXYwHWKm6<\/p>\n","protected":false},"excerpt":{"rendered":"<p>\ud83e\udd4eV\u1ecb tr\u00ed: x\u00f3m C\u00f9 Lao, \u1ea5p 4 , x\u00e3 Th\u1ea1nh \u0110\u1ee9c, huy\u1ec7n B\u1ebfn L\u1ee9c, Long An \ud83e\udd4eDi\u1ec7n t\u00edch: -114,9m\u00b2 ONT +111,3m\u00b2 NTTS 700 tri\u1ec7u \ud83e\udd4eTi\u1ec7n&hellip;<\/p>\n","protected":false},"featured_media":391,"comment_status":"open","ping_status":"closed","template":"","meta":[],"product_cat":[24,21,23],"product_tag":[],"class_list":{"0":"post-390","1":"product","2":"type-product","3":"status-publish","4":"has-post-thumbnail","6":"product_cat-ben-luc","7":"product_cat-dat-tho","8":"product_cat-dat-thovuon","10":"first","11":"instock","12":"shipping-taxable","13":"purchasable","14":"product-type-simple","15":"customify-col","16":"product-has-gallery"},"_links":{"self":[{"href":"https:\/\/laland.vip\/index.php\/wp-json\/wp\/v2\/product\/390","targetHints":{"allow":["GET"]}}],"collection":[{"href":"https:\/\/laland.vip\/index.php\/wp-json\/wp\/v2\/product"}],"about":[{"href":"https:\/\/laland.vip\/index.php\/wp-json\/wp\/v2\/types\/product"}],"replies":[{"embeddable":true,"href":"https:\/\/laland.vip\/index.php\/wp-json\/wp\/v2\/comments?post=390"}],"wp:featuredmedia":[{"embeddable":true,"href":"https:\/\/laland.vip\/index.php\/wp-json\/wp\/v2\/media\/391"}],"wp:attachment":[{"href":"https:\/\/laland.vip\/index.php\/wp-json\/wp\/v2\/media?parent=390"}],"wp:term":[{"taxonomy":"product_cat","embeddable":true,"href":"https:\/\/laland.vip\/index.php\/wp-json\/wp\/v2\/product_cat?post=390"},{"taxonomy":"product_tag","embeddable":true,"href":"https:\/\/laland.vip\/index.php\/wp-json\/wp\/v2\/product_tag?post=390"}],"curies":[{"name":"wp","href":"https:\/\/api.w.org\/{rel}","templated":true}]}}