{"id":406,"date":"2023-09-18T13:20:57","date_gmt":"2023-09-18T13:20:57","guid":{"rendered":"https:\/\/laland.vip\/?post_type=product&#038;p=406"},"modified":"2023-09-18T13:20:57","modified_gmt":"2023-09-18T13:20:57","slug":"dat-vuon-view-song-2-mat-tien-xay-nha-vuon-sieu-dep","status":"publish","type":"product","link":"https:\/\/laland.vip\/index.php\/product\/dat-vuon-view-song-2-mat-tien-xay-nha-vuon-sieu-dep\/","title":{"rendered":"\u0110\u1ea4T V\u01af\u1edcN VIEW S\u00d4NG 2 M\u1eb6T TI\u1ec0N X\u00c2Y NH\u00c0 V\u01af\u1edcN SI\u00caU \u0110\u1eb8P"},"content":{"rendered":"<p>Hot s\u1ea3n ph\u1ea9m nh\u00e0 v\u01b0\u1eddn m\u1edbi : \u0110\u1ea5t \u0111\u1eb9p m\u1eb7t ti\u1ec1n R\u1ea1ch mini th\u1ec3 hi\u1ec7n s\u1ed5 \u0111\u01b0\u1eddng \u0111\u00e1 xanh 3,7m xe h\u01a1i \ud83d\ude97 t\u1edbi n\u01a1i<br \/>\n-Di\u1ec7n t\u00edch 500mv \u0111\u1ea5t C\u00e2y L\u00e2u N\u0103m ( CLN ) , ng\u01b0\u1eddi Th\u00e0nh Ph\u1ed1 \u0111\u1ee9ng t\u00ean OK<br \/>\nNgang m\u1eb7t ti\u1ec1n h\u01a1n 30m<br \/>\n-Gi\u00e1 790 tri\u1ec7u th\u01b0\u01a1ng l\u01b0\u1ee3ng cho kh\u00e1ch c\u00f4ng ch\u1ee9ng nhanh<br \/>\n-Bao to\u00e0n b\u1ed9 thu\u1ebf ph\u00ed<br \/>\n-Khu v\u1ef1c x\u00f3m C\u00f9 Lao \u1ea4p 4 Th\u1ea1nh \u0110\u1ee9c B\u1ebfn L\u1ee9c Long An<br \/>\n-Th\u00edch h\u1ee3p tr\u1ed3ng c\u00e2y : d\u1eeba \u0111\u1ee7 xo\u00e0i, \u2026l\u00e0m v\u01b0\u1eddn nu\u00f4i c\u00e1\u2026 l\u00e0 OK<br \/>\n-Nh\u1ef1a t\u1ec9nh l\u1ed9 816 v\u00e0o kho\u1ea3ng 2,5km<br \/>\n-Nh\u1ef1a Qu\u1ed1c l\u1ed9 1A c\u1ea7u B\u1ebfn L\u1ee9c v\u00e0o kho\u1ea3ng 4,5km \u2026 v\u1ec1 S\u00e0i G\u00f2n 30km<br \/>\n-C\u00e1ch nh\u1ef1a c\u00f4ng v\u1ee5 1km , c\u00e1ch \u0110an li\u00ean \u1ea5p 4 kho\u1ea3ng 300m<br \/>\n-Khu d\u00e2n c\u01b0 \u0111\u00f4ng \u0111\u00fac<br \/>\n&#8211; Gi\u00e1p ranh Nh\u1ecb Th\u00e0nh &#8211; Th\u1ee7 Th\u1eeba\u2026 b\u00e1n k\u00ednh 5m : ch\u1ee3 Th\u1ee7 Th\u1eeba , KCN Long H\u1eadu\u2026<\/p>\n","protected":false},"excerpt":{"rendered":"<p>Hot s\u1ea3n ph\u1ea9m nh\u00e0 v\u01b0\u1eddn m\u1edbi : \u0110\u1ea5t \u0111\u1eb9p m\u1eb7t ti\u1ec1n R\u1ea1ch mini th\u1ec3 hi\u1ec7n s\u1ed5 \u0111\u01b0\u1eddng \u0111\u00e1 xanh 3,7m xe h\u01a1i \ud83d\ude97 t\u1edbi n\u01a1i&hellip;<\/p>\n","protected":false},"featured_media":407,"comment_status":"open","ping_status":"closed","template":"","meta":[],"product_cat":[24,23,20],"product_tag":[],"class_list":{"0":"post-406","1":"product","2":"type-product","3":"status-publish","4":"has-post-thumbnail","6":"product_cat-ben-luc","7":"product_cat-dat-thovuon","8":"product_cat-dat-vuon","10":"first","11":"instock","12":"shipping-taxable","13":"purchasable","14":"product-type-simple","15":"customify-col","16":"product-has-gallery"},"_links":{"self":[{"href":"https:\/\/laland.vip\/index.php\/wp-json\/wp\/v2\/product\/406","targetHints":{"allow":["GET"]}}],"collection":[{"href":"https:\/\/laland.vip\/index.php\/wp-json\/wp\/v2\/product"}],"about":[{"href":"https:\/\/laland.vip\/index.php\/wp-json\/wp\/v2\/types\/product"}],"replies":[{"embeddable":true,"href":"https:\/\/laland.vip\/index.php\/wp-json\/wp\/v2\/comments?post=406"}],"wp:featuredmedia":[{"embeddable":true,"href":"https:\/\/laland.vip\/index.php\/wp-json\/wp\/v2\/media\/407"}],"wp:attachment":[{"href":"https:\/\/laland.vip\/index.php\/wp-json\/wp\/v2\/media?parent=406"}],"wp:term":[{"taxonomy":"product_cat","embeddable":true,"href":"https:\/\/laland.vip\/index.php\/wp-json\/wp\/v2\/product_cat?post=406"},{"taxonomy":"product_tag","embeddable":true,"href":"https:\/\/laland.vip\/index.php\/wp-json\/wp\/v2\/product_tag?post=406"}],"curies":[{"name":"wp","href":"https:\/\/api.w.org\/{rel}","templated":true}]}}