{"id":431,"date":"2023-10-04T09:11:16","date_gmt":"2023-10-04T09:11:16","guid":{"rendered":"https:\/\/laland.vip\/?post_type=product&#038;p=431"},"modified":"2023-10-04T09:11:16","modified_gmt":"2023-10-04T09:11:16","slug":"dat-vuon-view-song-bo-kenh-6m-duoc-len-full-tho-xa-binh-duc","status":"publish","type":"product","link":"https:\/\/laland.vip\/index.php\/product\/dat-vuon-view-song-bo-kenh-6m-duoc-len-full-tho-xa-binh-duc\/","title":{"rendered":"\u0110\u1ea4T V\u01af\u1edcN VIEW S\u00d4NG B\u1edc K\u00caNH 6M &#8211;  \u0110\u01af\u1ee2C L\u00caN FULL TH\u1ed4 X\u00c3 B\u00ccNH \u0110\u1ee8C"},"content":{"rendered":"<p>\ud83c\udf0a\ud83c\udf0aF0 \u0110\u1ea5t v\u01b0\u1eddn View S\u00f4ng l\u1edbn B\u00ecnh \u0110\u1ee9c<\/p>\n<p>\ud83c\udf40\u0110\u01b0\u1ee3c chuy\u1ec3n th\u1ed5 c\u01b0 full<\/p>\n<p>\u2705V\u1ecb tr\u00ed: C\u1ea7u R\u1ecdc Tr\u00e2m, c\u00e1ch \u0111\u01b0\u1eddng li\u00ean \u1ea5p 5-6 B\u00ecnh \u0110\u1ee9c 150m<br \/>\n&#8211; L\u00f4 1200m\u00b2 1.3 t\u1ef7<br \/>\n&#8211; L\u00f4 1300m\u00b2 1.4 t\u1ef7<br \/>\n&#8211; Khu \u0111\u00f4ng d\u00e2n \u0111\u1ea7y \u0111\u1ee7 ti\u1ec7n \u00edch<br \/>\n&#8211; \u0110\u01b0\u1eddng xe t\u1ea3i, th\u00f4ng t\u1ee9 h\u01b0\u1edbng<br \/>\n&#8211; \u0110\u1ea5t s\u1ea1ch, ng\u1eafn h\u1eadu ch\u1ec9 d\u00e0i 65m<\/p>\n<p>https:\/\/goo.gl\/maps\/He5G2aAhva4APzxR9<\/p>\n","protected":false},"excerpt":{"rendered":"<p>\ud83c\udf0a\ud83c\udf0aF0 \u0110\u1ea5t v\u01b0\u1eddn View S\u00f4ng l\u1edbn B\u00ecnh \u0110\u1ee9c \ud83c\udf40\u0110\u01b0\u1ee3c chuy\u1ec3n th\u1ed5 c\u01b0 full \u2705V\u1ecb tr\u00ed: C\u1ea7u R\u1ecdc Tr\u00e2m, c\u00e1ch \u0111\u01b0\u1eddng li\u00ean \u1ea5p 5-6 B\u00ecnh \u0110\u1ee9c&hellip;<\/p>\n","protected":false},"featured_media":433,"comment_status":"open","ping_status":"closed","template":"","meta":[],"product_cat":[24,20],"product_tag":[],"class_list":{"0":"post-431","1":"product","2":"type-product","3":"status-publish","4":"has-post-thumbnail","6":"product_cat-ben-luc","7":"product_cat-dat-vuon","9":"first","10":"instock","11":"shipping-taxable","12":"purchasable","13":"product-type-simple","14":"customify-col","15":"product-has-gallery"},"_links":{"self":[{"href":"https:\/\/laland.vip\/index.php\/wp-json\/wp\/v2\/product\/431","targetHints":{"allow":["GET"]}}],"collection":[{"href":"https:\/\/laland.vip\/index.php\/wp-json\/wp\/v2\/product"}],"about":[{"href":"https:\/\/laland.vip\/index.php\/wp-json\/wp\/v2\/types\/product"}],"replies":[{"embeddable":true,"href":"https:\/\/laland.vip\/index.php\/wp-json\/wp\/v2\/comments?post=431"}],"wp:featuredmedia":[{"embeddable":true,"href":"https:\/\/laland.vip\/index.php\/wp-json\/wp\/v2\/media\/433"}],"wp:attachment":[{"href":"https:\/\/laland.vip\/index.php\/wp-json\/wp\/v2\/media?parent=431"}],"wp:term":[{"taxonomy":"product_cat","embeddable":true,"href":"https:\/\/laland.vip\/index.php\/wp-json\/wp\/v2\/product_cat?post=431"},{"taxonomy":"product_tag","embeddable":true,"href":"https:\/\/laland.vip\/index.php\/wp-json\/wp\/v2\/product_tag?post=431"}],"curies":[{"name":"wp","href":"https:\/\/api.w.org\/{rel}","templated":true}]}}