{"id":438,"date":"2023-11-27T07:03:49","date_gmt":"2023-11-27T07:03:49","guid":{"rendered":"https:\/\/laland.vip\/?post_type=product&#038;p=438"},"modified":"2023-11-27T07:03:49","modified_gmt":"2023-11-27T07:03:49","slug":"dat-vuon-2-mat-tien-ap-6-binh-duc-ben-luc-long-an","status":"publish","type":"product","link":"https:\/\/laland.vip\/index.php\/product\/dat-vuon-2-mat-tien-ap-6-binh-duc-ben-luc-long-an\/","title":{"rendered":"\u0110\u1ea4T V\u01af\u1edcN 2 M\u1eb6T TI\u1ec0N  \u1ea4P 6 B\u00ccNH \u0110\u1ee8C- B\u1ebeN L\u1ee8C- LONG AN"},"content":{"rendered":"<p>1000mv \u0111\u1ea5t v\u01b0\u1eddn l\u00f4 g\u00f3c 2 m\u1eb7t ti\u1ec1n thu\u1ed9c \u1ea4p 6 x\u00e3 B\u00ecnh \u0110\u1ee9c &#8211; B\u1ebfn L\u1ee9c &#8211; Long An .<\/p>\n<p>\u0110\u01b0\u1eddng \u0111\u00e1 xanh xe 7 ch\u1ed7 quay \u0111\u1ea7u , d\u00e2n c\u01b0 \u0111\u00f4ng , c\u00e1ch TL 816 ch\u1ec9 1,3km .<\/p>\n<p>C\u00e1ch \u0111\u01b0\u1eddng d\u1ef1 ph\u00f3ng v\u00e0nh \u0111ai 4 ch\u1ec9 200m , g\u1ea7n ch\u1ee3 , UBND , tr\u01b0\u1eddng h\u1ecdc b\u00e1n k\u00ednh 1,5km .<\/p>\n<p>Khu v\u1ef1c \u0111\u01b0\u1ee3c ph\u00e9p chuy\u1ec3n full th\u1ed5 c\u01b0 .<\/p>\n<p>Th\u00edch h\u1ee3p \u0111\u1ea7u t\u01b0 , x\u00e2y nh\u00e0 v\u01b0\u1eddn ngh\u0129 d\u01b0\u1ee1ng &#8230;<\/p>\n<p>DT : 22 x 43 n\u1edf h\u1eadu 23 ( si\u00eau \u0111\u1eb9p )<\/p>\n<p>Gi\u00e1 ch\u1ec9 : 1 t\u1ef7 100 tri\u1ec7u ( th\u01b0\u01a1ng l\u01b0\u1ee3ng gi\u1ea5y t\u1edd )<\/p>\n<p>C\u00f2n 2 l\u00f4 li\u1ec1n k\u1ec1 cho kh\u00e1ch h\u00e0ng l\u1ef1a ch\u1ecdn .<\/p>\n","protected":false},"excerpt":{"rendered":"<p>1000mv \u0111\u1ea5t v\u01b0\u1eddn l\u00f4 g\u00f3c 2 m\u1eb7t ti\u1ec1n thu\u1ed9c \u1ea4p 6 x\u00e3 B\u00ecnh \u0110\u1ee9c &#8211; B\u1ebfn L\u1ee9c &#8211; Long An . \u0110\u01b0\u1eddng \u0111\u00e1 xanh xe&hellip;<\/p>\n","protected":false},"featured_media":442,"comment_status":"open","ping_status":"closed","template":"","meta":[],"product_cat":[24,20],"product_tag":[],"class_list":{"0":"post-438","1":"product","2":"type-product","3":"status-publish","4":"has-post-thumbnail","6":"product_cat-ben-luc","7":"product_cat-dat-vuon","9":"first","10":"instock","11":"shipping-taxable","12":"purchasable","13":"product-type-simple","14":"customify-col","15":"product-has-gallery"},"_links":{"self":[{"href":"https:\/\/laland.vip\/index.php\/wp-json\/wp\/v2\/product\/438","targetHints":{"allow":["GET"]}}],"collection":[{"href":"https:\/\/laland.vip\/index.php\/wp-json\/wp\/v2\/product"}],"about":[{"href":"https:\/\/laland.vip\/index.php\/wp-json\/wp\/v2\/types\/product"}],"replies":[{"embeddable":true,"href":"https:\/\/laland.vip\/index.php\/wp-json\/wp\/v2\/comments?post=438"}],"wp:featuredmedia":[{"embeddable":true,"href":"https:\/\/laland.vip\/index.php\/wp-json\/wp\/v2\/media\/442"}],"wp:attachment":[{"href":"https:\/\/laland.vip\/index.php\/wp-json\/wp\/v2\/media?parent=438"}],"wp:term":[{"taxonomy":"product_cat","embeddable":true,"href":"https:\/\/laland.vip\/index.php\/wp-json\/wp\/v2\/product_cat?post=438"},{"taxonomy":"product_tag","embeddable":true,"href":"https:\/\/laland.vip\/index.php\/wp-json\/wp\/v2\/product_tag?post=438"}],"curies":[{"name":"wp","href":"https:\/\/api.w.org\/{rel}","templated":true}]}}