{"id":448,"date":"2023-12-30T07:25:27","date_gmt":"2023-12-30T07:25:27","guid":{"rendered":"https:\/\/laland.vip\/?post_type=product&#038;p=448"},"modified":"2024-01-30T09:17:49","modified_gmt":"2024-01-30T09:17:49","slug":"dat-vuon-duoc-chuyen-tho-cu-ap-1-xa-thanh-hoa-ben-luc-duong-xe-hoi","status":"publish","type":"product","link":"https:\/\/laland.vip\/index.php\/product\/dat-vuon-duoc-chuyen-tho-cu-ap-1-xa-thanh-hoa-ben-luc-duong-xe-hoi\/","title":{"rendered":"\u0110\u1ea4T V\u01af\u1edcN \u0110\u01af\u1ee2C CHUY\u1ec2N TH\u1ed4 C\u01af \u1ea4P 1 X\u00c3 TH\u1ea0NH H\u00d2A B\u1ebeN L\u1ee8C \u0110\u01af\u1edcNG XE H\u01a0I."},"content":{"rendered":"<p>H\u00e0ng hi\u1ebfm 1000mv \u0111\u1ea5t v\u01b0\u1eddn \u0111\u01b0\u1eddng 7 ch\u1ed7 c\u00e1ch nh\u1ef1a 816 ch\u1ec9 200m, v\u1ecb tr\u00ed ph\u00f9 h\u1ee3p chuy\u1ec3n full th\u1ed5 c\u01b0 , g\u1ea7n ch\u1ee3 \u1ee7y ban tr\u01b0\u1eddng h\u1ecdc y t\u1ebf&#8230;<br \/>\n&#8211; DT : 12,1 x 83,5 ( 1000mv )<br \/>\n&#8211; Gi\u00e1 ch\u1ec9 : 1 t\u1ef7 h\u1ebft \u0111\u1ea5t<br \/>\n&#8211; V\u1ecb tr\u00ed: x\u00e3 Th\u1ea1nh H\u00f2a, B\u1ebfn L\u1ee9c, LA<br \/>\n&#8211; Th\u00edch h\u1ee3p \u0111\u1ea7u t\u01b0 , l\u00e0m nh\u00e0 v\u01b0\u1eddn &#8230;<br \/>\n&#8211; Khu \u0111\u00f4ng d\u00e2n, \u0111i\u1ec7n n\u01b0\u1edbc c\u00f3 s\u1eb5n &#8230;<br \/>\n&#8211; C\u00f3 k\u00eanh tho\u00e1ng m\u00e1t tr\u01b0\u1edbc \u0111\u1ea5t .<\/p>\n","protected":false},"excerpt":{"rendered":"<p>H\u00e0ng hi\u1ebfm 1000mv \u0111\u1ea5t v\u01b0\u1eddn \u0111\u01b0\u1eddng 7 ch\u1ed7 c\u00e1ch nh\u1ef1a 816 ch\u1ec9 200m, v\u1ecb tr\u00ed ph\u00f9 h\u1ee3p chuy\u1ec3n full th\u1ed5 c\u01b0 , g\u1ea7n ch\u1ee3 \u1ee7y&hellip;<\/p>\n","protected":false},"featured_media":449,"comment_status":"open","ping_status":"closed","template":"","meta":[],"product_cat":[24,21,23,20],"product_tag":[],"class_list":{"0":"post-448","1":"product","2":"type-product","3":"status-publish","4":"has-post-thumbnail","6":"product_cat-ben-luc","7":"product_cat-dat-tho","8":"product_cat-dat-thovuon","9":"product_cat-dat-vuon","11":"first","12":"instock","13":"shipping-taxable","14":"purchasable","15":"product-type-simple","16":"customify-col","17":"product-has-gallery"},"_links":{"self":[{"href":"https:\/\/laland.vip\/index.php\/wp-json\/wp\/v2\/product\/448","targetHints":{"allow":["GET"]}}],"collection":[{"href":"https:\/\/laland.vip\/index.php\/wp-json\/wp\/v2\/product"}],"about":[{"href":"https:\/\/laland.vip\/index.php\/wp-json\/wp\/v2\/types\/product"}],"replies":[{"embeddable":true,"href":"https:\/\/laland.vip\/index.php\/wp-json\/wp\/v2\/comments?post=448"}],"wp:featuredmedia":[{"embeddable":true,"href":"https:\/\/laland.vip\/index.php\/wp-json\/wp\/v2\/media\/449"}],"wp:attachment":[{"href":"https:\/\/laland.vip\/index.php\/wp-json\/wp\/v2\/media?parent=448"}],"wp:term":[{"taxonomy":"product_cat","embeddable":true,"href":"https:\/\/laland.vip\/index.php\/wp-json\/wp\/v2\/product_cat?post=448"},{"taxonomy":"product_tag","embeddable":true,"href":"https:\/\/laland.vip\/index.php\/wp-json\/wp\/v2\/product_tag?post=448"}],"curies":[{"name":"wp","href":"https:\/\/api.w.org\/{rel}","templated":true}]}}