{"id":458,"date":"2023-12-30T07:27:19","date_gmt":"2023-12-30T07:27:19","guid":{"rendered":"https:\/\/laland.vip\/?post_type=product&#038;p=458"},"modified":"2024-01-30T09:17:03","modified_gmt":"2024-01-30T09:17:03","slug":"sieu-pham-1700mv-dat-vuon-view-song-thuoc-ap-6-xa-binh-duc-ben-luc-long-an","status":"publish","type":"product","link":"https:\/\/laland.vip\/index.php\/product\/sieu-pham-1700mv-dat-vuon-view-song-thuoc-ap-6-xa-binh-duc-ben-luc-long-an\/","title":{"rendered":"Si\u00eau ph\u1ea9m 1700mv \u0111\u1ea5t v\u01b0\u1eddn View S\u00f4ng thu\u1ed9c \u1ea4p 6 x\u00e3 B\u00ecnh \u0110\u1ee9c &#8211; B\u1ebfn L\u1ee9c &#8211; Long An ."},"content":{"rendered":"<p>\u0110\u01b0\u1eddng \u0111\u00e1 xanh xe 7 ch\u1ed7 quay \u0111\u1ea7u , d\u00e2n c\u01b0 \u0111\u00f4ng , c\u00e1ch TL 816 ch\u1ec9 1,3km .<br \/>\nC\u00e1ch \u0111\u01b0\u1eddng d\u1ef1 ph\u00f3ng v\u00e0nh \u0111ai 4 ch\u1ec9 200m , g\u1ea7n ch\u1ee3 , UBND , tr\u01b0\u1eddng h\u1ecdc b\u00e1n k\u00ednh 1,5km .<br \/>\nKhu v\u1ef1c \u0111\u01b0\u1ee3c ph\u00e9p chuy\u1ec3n full th\u1ed5 c\u01b0 .<br \/>\nTh\u00edch h\u1ee3p \u0111\u1ea7u t\u01b0 , chuy\u1ec3n th\u1ed5 ph\u00e2n l\u00f4 , x\u00e2y nh\u00e0 v\u01b0\u1eddn ngh\u0129 d\u01b0\u1ee1ng &#8230;<br \/>\nDT : 33,5 x 51 .<br \/>\nGi\u00e1 ch\u1ec9 : 1 t\u1ef7 200 tri\u1ec7u \/ 1000mv<br \/>\nC\u00f2n 2 l\u00f4 li\u1ec1n k\u1ec1 cho kh\u00e1ch h\u00e0ng l\u1ef1a ch\u1ecdn .<br \/>\nL\u00f4 g\u00f3c b\u00e1n \u0111\u1ed3ng gi\u00e1 l\u00f4 th\u01b0\u1eddng .<\/p>\n","protected":false},"excerpt":{"rendered":"<p>\u0110\u01b0\u1eddng \u0111\u00e1 xanh xe 7 ch\u1ed7 quay \u0111\u1ea7u , d\u00e2n c\u01b0 \u0111\u00f4ng , c\u00e1ch TL 816 ch\u1ec9 1,3km . C\u00e1ch \u0111\u01b0\u1eddng d\u1ef1 ph\u00f3ng v\u00e0nh \u0111ai&hellip;<\/p>\n","protected":false},"featured_media":460,"comment_status":"open","ping_status":"closed","template":"","meta":[],"product_cat":[24,23,20],"product_tag":[],"class_list":{"0":"post-458","1":"product","2":"type-product","3":"status-publish","4":"has-post-thumbnail","6":"product_cat-ben-luc","7":"product_cat-dat-thovuon","8":"product_cat-dat-vuon","10":"first","11":"instock","12":"shipping-taxable","13":"purchasable","14":"product-type-simple","15":"customify-col","16":"product-has-gallery"},"_links":{"self":[{"href":"https:\/\/laland.vip\/index.php\/wp-json\/wp\/v2\/product\/458","targetHints":{"allow":["GET"]}}],"collection":[{"href":"https:\/\/laland.vip\/index.php\/wp-json\/wp\/v2\/product"}],"about":[{"href":"https:\/\/laland.vip\/index.php\/wp-json\/wp\/v2\/types\/product"}],"replies":[{"embeddable":true,"href":"https:\/\/laland.vip\/index.php\/wp-json\/wp\/v2\/comments?post=458"}],"wp:featuredmedia":[{"embeddable":true,"href":"https:\/\/laland.vip\/index.php\/wp-json\/wp\/v2\/media\/460"}],"wp:attachment":[{"href":"https:\/\/laland.vip\/index.php\/wp-json\/wp\/v2\/media?parent=458"}],"wp:term":[{"taxonomy":"product_cat","embeddable":true,"href":"https:\/\/laland.vip\/index.php\/wp-json\/wp\/v2\/product_cat?post=458"},{"taxonomy":"product_tag","embeddable":true,"href":"https:\/\/laland.vip\/index.php\/wp-json\/wp\/v2\/product_tag?post=458"}],"curies":[{"name":"wp","href":"https:\/\/api.w.org\/{rel}","templated":true}]}}