{"id":473,"date":"2024-01-11T03:58:23","date_gmt":"2024-01-11T03:58:23","guid":{"rendered":"https:\/\/laland.vip\/?post_type=product&#038;p=473"},"modified":"2024-01-11T03:58:23","modified_gmt":"2024-01-11T03:58:23","slug":"tho-cu-mat-tien-be-tong-5m-ap-4-xa-thanh-duc-ben-luc-long-an","status":"publish","type":"product","link":"https:\/\/laland.vip\/index.php\/product\/tho-cu-mat-tien-be-tong-5m-ap-4-xa-thanh-duc-ben-luc-long-an\/","title":{"rendered":"TH\u1ed4 C\u01af M\u1eb6T TI\u1ec0N B\u00ca T\u00d4NG 5M \u1ea4P 4 X\u00c3 TH\u1ea0NH \u0110\u1ee8C-B\u1ebeN-L\u1ee8C-LONG AN"},"content":{"rendered":"<p>\u2705\ud83c\udf39B\u00e1n \u0110\u1ea5t \u1ea4p 4 &#8211; Th\u1ea1nh \u0110\u1ee9c,B\u1ebfn L\u1ee9c,Long An.<\/p>\n<p>\u2705 DT: 5m x 30m = 150mv th\u1ed5 c\u01b0<\/p>\n<p>_Gi\u00e1 ch\u1ee7 : 1,1 t\u1ec9 ch\u1ed1t<\/p>\n<p>_C\u00e1ch TL 816 ch\u1ec9 1,8km , c\u00e1ch l\u1ed9 nh\u1ef1a cao t\u1ed1c Trung L\u01b0\u01a1ng ch\u1ec9 200m.<\/p>\n<p>_ \u0110\u01b0\u1eddng \u0111an xe t\u1ea3i t\u1edbi \u0111\u1ea5t<\/p>\n<p>_ S\u1ed5 h\u1ed3ng san c\u00f4ng ch\u1ee9ng 1 n\u1ed1t nh\u1ea1c.<\/p>\n<p>&#8211; Th\u00edch h\u1ee3p x\u00e2y nh\u00e0 , Nh\u00e0 Tr\u1ecd, Kho mini ,&#8230;<\/p>\n<p>H\u1ed7 tr\u1ee3 ng\u00e2n h\u00e0ng<\/p>\n<p>\u0110ang vay ng\u00e2n h\u00e0ng HD 700 tri\u1ec7u<\/p>\n","protected":false},"excerpt":{"rendered":"<p>\u2705\ud83c\udf39B\u00e1n \u0110\u1ea5t \u1ea4p 4 &#8211; Th\u1ea1nh \u0110\u1ee9c,B\u1ebfn L\u1ee9c,Long An. \u2705 DT: 5m x 30m = 150mv th\u1ed5 c\u01b0 _Gi\u00e1 ch\u1ee7 : 1,1 t\u1ec9 ch\u1ed1t _C\u00e1ch&hellip;<\/p>\n","protected":false},"featured_media":479,"comment_status":"open","ping_status":"closed","template":"","meta":[],"product_cat":[24,21,23],"product_tag":[],"class_list":{"0":"post-473","1":"product","2":"type-product","3":"status-publish","4":"has-post-thumbnail","6":"product_cat-ben-luc","7":"product_cat-dat-tho","8":"product_cat-dat-thovuon","10":"first","11":"instock","12":"shipping-taxable","13":"purchasable","14":"product-type-simple","15":"customify-col","16":"product-has-gallery"},"_links":{"self":[{"href":"https:\/\/laland.vip\/index.php\/wp-json\/wp\/v2\/product\/473","targetHints":{"allow":["GET"]}}],"collection":[{"href":"https:\/\/laland.vip\/index.php\/wp-json\/wp\/v2\/product"}],"about":[{"href":"https:\/\/laland.vip\/index.php\/wp-json\/wp\/v2\/types\/product"}],"replies":[{"embeddable":true,"href":"https:\/\/laland.vip\/index.php\/wp-json\/wp\/v2\/comments?post=473"}],"wp:featuredmedia":[{"embeddable":true,"href":"https:\/\/laland.vip\/index.php\/wp-json\/wp\/v2\/media\/479"}],"wp:attachment":[{"href":"https:\/\/laland.vip\/index.php\/wp-json\/wp\/v2\/media?parent=473"}],"wp:term":[{"taxonomy":"product_cat","embeddable":true,"href":"https:\/\/laland.vip\/index.php\/wp-json\/wp\/v2\/product_cat?post=473"},{"taxonomy":"product_tag","embeddable":true,"href":"https:\/\/laland.vip\/index.php\/wp-json\/wp\/v2\/product_tag?post=473"}],"curies":[{"name":"wp","href":"https:\/\/api.w.org\/{rel}","templated":true}]}}