{"id":489,"date":"2024-01-11T04:06:35","date_gmt":"2024-01-11T04:06:35","guid":{"rendered":"https:\/\/laland.vip\/?post_type=product&#038;p=489"},"modified":"2024-01-11T04:06:36","modified_gmt":"2024-01-11T04:06:36","slug":"dat-tho-re-gia-nhu-dat-lua-tai-xom-cu-lao-xa-thanh-duc-ben-luc-long-an","status":"publish","type":"product","link":"https:\/\/laland.vip\/index.php\/product\/dat-tho-re-gia-nhu-dat-lua-tai-xom-cu-lao-xa-thanh-duc-ben-luc-long-an\/","title":{"rendered":"\u0110\u1ea4T TH\u1ed4 R\u1eba GI\u00c1 NH\u01af \u0110\u1ea4T L\u00daA T\u1ea0I X\u00d3M C\u00d9 LAO X\u00c3 TH\u1ea0NH \u0110\u1ee8C-B\u1ebeN L\u1ee8C-LONG AN."},"content":{"rendered":"<p>&nbsp;<\/p>\n<p>V\u1ecb tr\u00ed: x\u00f3m C\u00f9 Lao, \u1ea4p 4 Th\u1ea1nh \u0110\u1ee9c, B\u1ebfn L\u1ee9c, \u0110\u01b0\u1eddng oto 3m<\/p>\n<p>\u2b50Di\u1ec7n t\u00edch:<\/p>\n<p>&#8211; 1000m\u00b2 +1245m\u00b2 ONT gi\u00e1 6 t\u1ef7<\/p>\n<p>\u2b50Chi ti\u1ebft:<\/p>\n<p>&#8211; Th\u1ed5 c\u01b0, n\u1ec1n s\u1eb5n, khu \u0111\u00f4ng d\u00e2n c\u01b0<\/p>\n<p>&#8211; S\u1ed5 h\u1ed3ng ri\u00eang<\/p>\n<p>&#8211; \u0110\u01b0\u1eddng oto<\/p>\n<p>&#8211; Th\u00edch h\u1ee3p \u0111\u1ea7u t\u01b0 sinh l\u1eddi cao, nh\u00e0 v\u01b0\u1eddn<\/p>\n<p>&#8211; G\u1ea7n d\u1ef1 \u00e1n trung t\u00e2m kho v\u1eadn x\u00e3 Th\u1ea1nh \u0110\u1ee9c<\/p>\n","protected":false},"excerpt":{"rendered":"<p>&nbsp; V\u1ecb tr\u00ed: x\u00f3m C\u00f9 Lao, \u1ea4p 4 Th\u1ea1nh \u0110\u1ee9c, B\u1ebfn L\u1ee9c, \u0110\u01b0\u1eddng oto 3m \u2b50Di\u1ec7n t\u00edch: &#8211; 1000m\u00b2 +1245m\u00b2 ONT gi\u00e1 6 t\u1ef7 \u2b50Chi&hellip;<\/p>\n","protected":false},"featured_media":490,"comment_status":"open","ping_status":"closed","template":"","meta":[],"product_cat":[24,21,23],"product_tag":[],"class_list":{"0":"post-489","1":"product","2":"type-product","3":"status-publish","4":"has-post-thumbnail","6":"product_cat-ben-luc","7":"product_cat-dat-tho","8":"product_cat-dat-thovuon","10":"first","11":"instock","12":"shipping-taxable","13":"purchasable","14":"product-type-simple","15":"customify-col","16":"product-has-gallery"},"_links":{"self":[{"href":"https:\/\/laland.vip\/index.php\/wp-json\/wp\/v2\/product\/489","targetHints":{"allow":["GET"]}}],"collection":[{"href":"https:\/\/laland.vip\/index.php\/wp-json\/wp\/v2\/product"}],"about":[{"href":"https:\/\/laland.vip\/index.php\/wp-json\/wp\/v2\/types\/product"}],"replies":[{"embeddable":true,"href":"https:\/\/laland.vip\/index.php\/wp-json\/wp\/v2\/comments?post=489"}],"wp:featuredmedia":[{"embeddable":true,"href":"https:\/\/laland.vip\/index.php\/wp-json\/wp\/v2\/media\/490"}],"wp:attachment":[{"href":"https:\/\/laland.vip\/index.php\/wp-json\/wp\/v2\/media?parent=489"}],"wp:term":[{"taxonomy":"product_cat","embeddable":true,"href":"https:\/\/laland.vip\/index.php\/wp-json\/wp\/v2\/product_cat?post=489"},{"taxonomy":"product_tag","embeddable":true,"href":"https:\/\/laland.vip\/index.php\/wp-json\/wp\/v2\/product_tag?post=489"}],"curies":[{"name":"wp","href":"https:\/\/api.w.org\/{rel}","templated":true}]}}