{"id":495,"date":"2024-01-11T04:16:20","date_gmt":"2024-01-11T04:16:20","guid":{"rendered":"https:\/\/laland.vip\/?post_type=product&#038;p=495"},"modified":"2026-01-20T04:33:09","modified_gmt":"2026-01-20T04:33:09","slug":"dat-nha-gia-re-nhat-ap-4-nhi-thanh-thu-thua-long-an","status":"publish","type":"product","link":"https:\/\/laland.vip\/index.php\/product\/dat-nha-gia-re-nhat-ap-4-nhi-thanh-thu-thua-long-an\/","title":{"rendered":"\u0110\u1ea4T + NH\u00c0 GI\u00c1 R\u1eba NH\u1ea4T \u1ea4P 4 NH\u1eca TH\u00c0NH TH\u1ee6 TH\u1eeaA LONG AN"},"content":{"rendered":"<p>B\u00e1n \u0110\u1ea5t Th\u1ed5 C\u01b0 + V\u01b0\u1eddn T\u1eb7ng Nh\u00e0 1 Tr\u1ec7t 1 L\u1ea7u Gi\u00e1 R\u1ebb<\/p>\n<p>\u26a1\ufe0fDi\u1ec7n t\u00edch: 400 mv th\u1ed5 c\u01b0 + 200 c\u00e2y l\u00e2u n\u0103m<\/p>\n<p>C\u00f3 nh\u00e0 1 tr\u1ec7t 1 l\u1ea7u ngang 8 d\u00e0i 25<\/p>\n<p>\u26a1\ufe0fGi\u00e1: 3,5 t\u1ef7 ch\u1ed1t<\/p>\n<p>\u26a1\ufe0fV\u1ecb tr\u00ed: \u1ea5p 4 Nh\u1ecb Th\u00e0nh Th\u1ee7 Th\u1eeba Long An<\/p>\n<p>\u0110\u01b0\u1eddng tr\u01b0\u1edbc nh\u00e0 \u0111an 3m xe \u00f4 t\u00f4 vi vu<\/p>\n<p>C\u00e1ch QL1A 2 km, g\u1ea7n tr\u01b0\u1eddng h\u1ecdc, UBND, kcn Long H\u1eadu<\/p>\n","protected":false},"excerpt":{"rendered":"<p>B\u00e1n \u0110\u1ea5t Th\u1ed5 C\u01b0 + V\u01b0\u1eddn T\u1eb7ng Nh\u00e0 1 Tr\u1ec7t 1 L\u1ea7u Gi\u00e1 R\u1ebb \u26a1\ufe0fDi\u1ec7n t\u00edch: 400 mv th\u1ed5 c\u01b0 + 200 c\u00e2y l\u00e2u n\u0103m&hellip;<\/p>\n","protected":false},"featured_media":498,"comment_status":"open","ping_status":"closed","template":"","meta":[],"product_cat":[28,25],"product_tag":[],"class_list":{"0":"post-495","1":"product","2":"type-product","3":"status-publish","4":"has-post-thumbnail","6":"product_cat-nha","7":"product_cat-thu-thua","9":"first","10":"instock","11":"shipping-taxable","12":"purchasable","13":"product-type-simple","14":"customify-col","15":"product-has-gallery"},"_links":{"self":[{"href":"https:\/\/laland.vip\/index.php\/wp-json\/wp\/v2\/product\/495","targetHints":{"allow":["GET"]}}],"collection":[{"href":"https:\/\/laland.vip\/index.php\/wp-json\/wp\/v2\/product"}],"about":[{"href":"https:\/\/laland.vip\/index.php\/wp-json\/wp\/v2\/types\/product"}],"replies":[{"embeddable":true,"href":"https:\/\/laland.vip\/index.php\/wp-json\/wp\/v2\/comments?post=495"}],"wp:featuredmedia":[{"embeddable":true,"href":"https:\/\/laland.vip\/index.php\/wp-json\/wp\/v2\/media\/498"}],"wp:attachment":[{"href":"https:\/\/laland.vip\/index.php\/wp-json\/wp\/v2\/media?parent=495"}],"wp:term":[{"taxonomy":"product_cat","embeddable":true,"href":"https:\/\/laland.vip\/index.php\/wp-json\/wp\/v2\/product_cat?post=495"},{"taxonomy":"product_tag","embeddable":true,"href":"https:\/\/laland.vip\/index.php\/wp-json\/wp\/v2\/product_tag?post=495"}],"curies":[{"name":"wp","href":"https:\/\/api.w.org\/{rel}","templated":true}]}}