{"id":505,"date":"2024-01-11T04:35:08","date_gmt":"2024-01-11T04:35:08","guid":{"rendered":"https:\/\/laland.vip\/?post_type=product&#038;p=505"},"modified":"2024-01-11T04:35:08","modified_gmt":"2024-01-11T04:35:08","slug":"tho-cu-vo-ngoc-quang-gia-re-nhat-khu-vuc","status":"publish","type":"product","link":"https:\/\/laland.vip\/index.php\/product\/tho-cu-vo-ngoc-quang-gia-re-nhat-khu-vuc\/","title":{"rendered":"TH\u1ed4 C\u01af V\u00d5 NG\u1eccC QUANG GI\u00c1 R\u1eba NH\u1ea4T KHU V\u1ef0C"},"content":{"rendered":"<p>\ud83d\udca5\u0110\u1ea5t th\u1ed5 gi\u00e1 r\u1ebb 653m\u00b2 ch\u1ec9 1.5 t\u1ef7 &#8211;<\/p>\n<p>V\u1ecb tr\u00ed: \u0110\u01b0\u1eddng \u0111an 2.5m, T\u00e2n B\u00ecnh, T\u00e2n Tr\u1ee5, LA<\/p>\n<p>&#8211; G\u1ea7n khu c\u00f4ng nghi\u1ec7p An Nh\u1ef1t T\u00e2n \u0111ang tri\u1ec3n khai<\/p>\n<p>&#8211; Ch\u1ee3, tr\u01b0\u1eddng h\u1ecdc, ubnd c\u00e1ch 5 ph\u00fat \u0111i xe<\/p>\n","protected":false},"excerpt":{"rendered":"<p>\ud83d\udca5\u0110\u1ea5t th\u1ed5 gi\u00e1 r\u1ebb 653m\u00b2 ch\u1ec9 1.5 t\u1ef7 &#8211; V\u1ecb tr\u00ed: \u0110\u01b0\u1eddng \u0111an 2.5m, T\u00e2n B\u00ecnh, T\u00e2n Tr\u1ee5, LA &#8211; G\u1ea7n khu c\u00f4ng nghi\u1ec7p An&hellip;<\/p>\n","protected":false},"featured_media":506,"comment_status":"open","ping_status":"closed","template":"","meta":[],"product_cat":[21,23,26],"product_tag":[],"class_list":{"0":"post-505","1":"product","2":"type-product","3":"status-publish","4":"has-post-thumbnail","6":"product_cat-dat-tho","7":"product_cat-dat-thovuon","8":"product_cat-tan-tru","10":"first","11":"instock","12":"shipping-taxable","13":"purchasable","14":"product-type-simple","15":"customify-col","16":"product-has-gallery"},"_links":{"self":[{"href":"https:\/\/laland.vip\/index.php\/wp-json\/wp\/v2\/product\/505","targetHints":{"allow":["GET"]}}],"collection":[{"href":"https:\/\/laland.vip\/index.php\/wp-json\/wp\/v2\/product"}],"about":[{"href":"https:\/\/laland.vip\/index.php\/wp-json\/wp\/v2\/types\/product"}],"replies":[{"embeddable":true,"href":"https:\/\/laland.vip\/index.php\/wp-json\/wp\/v2\/comments?post=505"}],"wp:featuredmedia":[{"embeddable":true,"href":"https:\/\/laland.vip\/index.php\/wp-json\/wp\/v2\/media\/506"}],"wp:attachment":[{"href":"https:\/\/laland.vip\/index.php\/wp-json\/wp\/v2\/media?parent=505"}],"wp:term":[{"taxonomy":"product_cat","embeddable":true,"href":"https:\/\/laland.vip\/index.php\/wp-json\/wp\/v2\/product_cat?post=505"},{"taxonomy":"product_tag","embeddable":true,"href":"https:\/\/laland.vip\/index.php\/wp-json\/wp\/v2\/product_tag?post=505"}],"curies":[{"name":"wp","href":"https:\/\/api.w.org\/{rel}","templated":true}]}}